{"id":3809,"date":"2025-12-05T11:34:49","date_gmt":"2025-12-05T11:34:49","guid":{"rendered":"https:\/\/thegbfoodseurope.com\/avviso-legale\/"},"modified":"2026-02-13T10:23:00","modified_gmt":"2026-02-13T10:23:00","slug":"avviso-legale","status":"publish","type":"page","link":"https:\/\/thegbfoodseurope.com\/it\/avviso-legale\/","title":{"rendered":"Avviso legale"},"content":{"rendered":"\n<p>Grazie per aver visitato il nostro sito web. Tenga in conto che ogni volta che accede a questo sito web (di seguito, il \u201cSito Web\u201d o il \u201cSito\u201d) accetter\u00e0 i termini e le condizioni d\u2019uso illustrati in questo Avviso, nella relativa versione pubblicata nel momento in cui accede al Sito. <\/p>\n\n\n\n<p>Per questo, la invitiamo a prendersi qualche minuto per informarsi e leggere il presente Avviso Legale e se non \u00e8 d\u2019accordo con le sue norme, uscire dal Sito Web. Il presente Avviso Legale \u00e8 completato da (i) la <strong>Politica sui Cookie<\/strong> e (ii) la <strong>Politica sulla Privacy<\/strong>, accessibili anche da questo Sito Web. <\/p>\n\n\n\n<p>Le segnaliamo che con i termini \u201cnostro\u201d, \u201cla societ\u00e0\u201d e \u201cGBfoods Europe\u201d ci riferiamo a THE GB FOODS EUROPA, S.L.U. e\/o qualunque societ\u00e0 del Gruppo e li utilizziamo nella forma pi\u00f9 appropriata secondo il caso. Per \u201cutente\/utenti\u201d ci riferiamo a qualsiasi persona che accede e\/o utilizza questo Sito Web. <\/p>\n\n\n\n<h2 class=\"wp-block-heading\">Legal information<br><\/h2>\n\n\n\n<h3 class=\"wp-block-heading\">1.1 Dati societari del titolare del nome di dominio [pending]<\/h3>\n\n\n\n<ul class=\"wp-block-list\">\n<li>Denominazione sociale: THE GB FOODS EUROPA, S.L.U.<\/li>\n\n\n\n<li>Sede legale: Plaza Europa 42, 08902, L\u2019Hospitalet de Llobregat. Barcellona <\/li>\n\n\n\n<li>Numero Identificazione Fiscale (NIF): B67340521<\/li>\n\n\n\n<li>Telefono: 934395400<\/li>\n\n\n\n<li>Posta elettronica: corpweb@thegbfoods.com<\/li>\n\n\n\n<li>Dati Registro Imprese: La societ\u00e0 THE GB FOODS EUROPA, S.L.U. \u00e8 iscritta nel Registro delle Imprese di Barcellona, pagina B-528027, tomo 47127, foglio 202.<\/li>\n<\/ul>\n\n\n\n<h3 class=\"wp-block-heading\">1.2. Norme di riservatezza<\/h3>\n\n\n\n<p>GBfoods Europe si impegna a proteggere la privacy di tutti gli utenti quando stanno navigando nel nostro Sito Web o altre pagine web del Gruppo GBfoods Europe.<\/p>\n\n\n\n<h2 class=\"wp-block-heading\">Industrial and intellectual property<\/h2>\n\n\n\n<h3 class=\"wp-block-heading\">2.1 Utilizzo di materiale protetto da diritti di propriet\u00e0 intellettuale o industriale<\/h3>\n\n\n\n<p>GBfoods Europe \u00e8 il proprietario (o, a seconda dei casi, il licenziatario) di tutto il materiale che appare su questo sito web (come video, immagini, qualunque contenuto audiovisivo nonch\u00e9 qualunque applicazione informatica, includendo modifiche, aggiornamenti, marchi commerciali, marchi registrati, know-how, copyright, nome di dominio, ecc.) oppure lo sono altre societ\u00e0 appartenenti al Gruppo GBfoods Europe o altre aziende collegate. A questi effetti, gli utenti non possono usare il materiale, i contenuti e\/o i servizi per un uso pubblico o commerciale, n\u00e9 trarne profitto in qualsiasi altro modo a meno di non essere stati autorizzati per iscritto dai relativi proprietari per compiere l\u2019utilizzo che si effettua o si intende effettuare. <\/p>\n\n\n\n<p>L\u2019utente non acquisir\u00e0 nessuna propriet\u00e0 intellettuale o industriale per il semplice utilizzo delle nostre pagine web n\u00e9 di nessuna delle sue funzionalit\u00e0. L\u2019uso del nostro Sito Web non implica n\u00e9 l\u2019autorizzazione n\u00e9 la licenza d\u2019uso del contenuto per finalit\u00e0 diverse da quelle indicate nel presente Avviso Legale. <\/p>\n\n\n\n<p>Alla luce di quanto precede, \u00e8 severamente proibita qualsiasi copia parziale o completa, riproduzione, trasformazione, modifica, elaborazione, distribuzione, comunicazione pubblica o qualsiasi altro sfruttamento del Sito Web, dei suoi contenuti, applicazioni, codice sorgente, design o look &amp; feel. Inoltre, l\u2019utente comprende e accetta che \u00e8 vietato scomporre, effettuare reverse engineering o qualsiasi altro tipo di opera derivante dal software che garantisce il funzionamento e l\u2019accesso al Sito Web e ai servizi in esso contenuti. <\/p>\n\n\n\n<p>Si prega di tenere in conto che il mancato rispetto di qualunque disposizione di legge qui indicata autorizzer\u00e0 GBfoods Europe a intraprendere le azioni legali opportune.<\/p>\n\n\n\n<h3 class=\"wp-block-heading\">2.2 Contenuti e ricette inviati dagli utenti<\/h3>\n\n\n\n<p>Gli utenti devono sapere che con l\u2019invio di contenuti e ricette creati da loro (per esempio in conseguenza della partecipazione a un concorso o promozione), salvo disposizione contraria e conformemente alle circostanze specifiche di ciascun caso, la societ\u00e0 THE GB FOODS EUROPA, S.L.U, in quanto titolare del nome di dominio \u201cthegbfoods.com\u201d diventer\u00e0 il titolare esclusivo del copyright di questo materiale.<\/p>\n\n\n\n<p>Tale copyright non sar\u00e0 soggetto a nessun tipo di limitazione temporale, geografica o legale. Di conseguenza, GBfoods Europe avr\u00e0 tutti i diritti di sfruttamento in materia di propriet\u00e0 intellettuale del materiale, in tutto il mondo e durante il periodo massimo di protezione secondo la legge, e potremo utilizzarlo per scopi commerciali. Nel caso in cui desideri conservare il copyright, non dimentichi di inserire il suo nome o quello della societ\u00e0 holding e il simbolo \u00a9 in tutto ci\u00f2 che invia.  <\/p>\n\n\n\n<p>Non ci assumiamo responsabilit\u00e0 per le conseguenze che l\u2019esposizione volontaria, autorizzata e deliberata da parte degli utenti di immagini, fotografie, video dell\u2019utente e\/o del suo ambiente familiare possa comportare per lui, i suoi familiari, amici e\/o parenti o per terze persone. Si prega di tenere presente che l\u2019eventuale pubblicazione di commenti, punteggi di ricette, fotografie, immagini e testi, attraverso questo Sito Web \u00e8 del tutto volontaria e consensuale. <\/p>\n\n\n\n<h2 class=\"wp-block-heading\">Personal data protection<\/h2>\n\n\n\n<p>Non sar\u00e0 richiesto nessun dato personale per poter visitare il nostro Sito Web. Detto ci\u00f2, nel caso in cui gli utenti decidano di partecipare in qualche modo alle nostre campagne promozionali, sorteggi, concorsi, iscriversi alla nostra Borsa Lavoro o inviarci domande, verranno loro richiesti determinati dati personali, per esempio nome e indirizzo di posta elettronica. <\/p>\n\n\n\n<p>Per maggiori dettagli sull\u2019uso dei dati personali da parte di GBfoods Europe consultare la nostra <a href=\"https:\/\/thegbfoodseurope.com\/it\/politica-sulla-privacy\/\">Politica sulla Privacy<\/a> , dove sono indicati anche i diritti che si possono esercitare sulla gestione dei propri dati personali.<\/p>\n\n\n\n<h3 class=\"wp-block-heading\">3.1 Partecipazione a concorsi e promozioni<\/h3>\n\n\n\n<p>Il trattamento dei dati derivante dalla partecipazione a concorsi e promozioni sar\u00e0 debitamente dettagliato nelle basi del concorso o promozione in questione e, eventualmente, nelle altre informazioni fornite a riguardo e, in particolare, nella nostra Politica sulla Privacy.<\/p>\n\n\n\n<h3 class=\"wp-block-heading\">3.2 Cookies<\/h3>\n\n\n\n<p>Nel caso in cui siano necessarie informazioni specifiche sulla tecnologia dei cookie utilizzata in questo Sito Web, la preghiamo di consultare la nostra <strong><a href=\"https:\/\/thegbfoodseurope.com\/it\/cookie-policy\/\">Politica sui Cookie<\/a><\/strong> qui.<\/p>\n\n\n\n<h2 class=\"wp-block-heading\">Disclaimers<\/h2>\n\n\n\n<h3 class=\"wp-block-heading\">4.1 Dalle informazioni<\/h3>\n\n\n\n<p>GBfoods Europe mette a disposizione degli utenti un insieme di informazioni, le quali, nonostante siano state elaborate da professionisti del settore, e nonostante la cura messa nella loro predisposizione, possono contenere imprecisioni o errori, o non essere aggiornate alla data di accesso dell\u2019utente.<\/p>\n\n\n\n<p>In questo senso, GBfoods Europe non si assume responsabilit\u00e0 per la veridicit\u00e0, esattezza, adeguamento, idoneit\u00e0 e aggiornamento delle informazioni n\u00e9 degli eventuali errori tipografici, formali o numerici che le informazioni fornite attraverso questo Sito Web potrebbero contenere. I contenuti di questa pagina sono puramente informativi, per cui non ci assumiamo responsabilit\u00e0 per le decisioni prese dall\u2019utente a partire da esse, n\u00e9 per i danni causati all\u2019utente o a soggetti terzi sulla base di queste informazioni. <\/p>\n\n\n\n<h3 class=\"wp-block-heading\">4.2 Dalla disponibilit\u00e0 e qualit\u00e0 del servizio<\/h3>\n\n\n\n<p>Date le incertezze tecniche che comporta internet, GBfoods Europe si riserva il diritto di sospendere temporaneamente l\u2019utilizzo del Sito Web per ragioni tecniche o di manutenzione.<\/p>\n\n\n\n<p>Sebbene GBfoods Europe faccia tutto ci\u00f2 che \u00e8 ragionevolmente possibile per limitare tali interruzioni o sospensioni, la societ\u00e0 non si assume responsabilit\u00e0 per i danni di qualsiasi tipo causati all\u2019utente che abbiano origine in guasti o disconnessioni nelle reti di telecomunicazioni che determinano la sospensione, cancellazione o interruzione del servizio del Sito Web durante la fornitura del medesimo o in precedenza. La sospensione di questi servizi non conferisce all\u2019utente il diritto ad alcun tipo di risarcimento. <\/p>\n\n\n\n<p>Inoltre, GBfoods Europe si riserva il diritto di implementare qualsiasi modifica nei suoi servizi e programmi di software, in qualunque momento e senza alcun preavviso.<\/p>\n\n\n\n<p>Il materiale e le informazioni di questo Sito Web sono stati progettati esclusivamente per gli utenti in Spagna. GBfoods Europe non garantisce che i contenuti di questo Sito Web siano adeguati o siano disponibili in tutti i paesi o lingue, o in zone geografiche diverse dalla Spagna. <\/p>\n\n\n\n<p>GBfoods Europe non far\u00e0 alcun tipo di divulgazione sui risultati derivanti dall\u2019uso di questo Sito Web. Di conseguenza, n\u00e9 GBfoods Europe n\u00e9 i suoi amministratori, dirigenti, dipendenti o procuratori in nessun caso potranno essere considerati responsabili per eventuali danni incidentali o consequenziali, inclusi, a titolo esemplificativo ma non limitativo, la perdita di dati o di opportunit\u00e0 commerciali derivanti dall\u2019uso di questo Sito Web <\/p>\n\n\n\n<p>Analogamente, GBfoods Europe non potr\u00e0 essere considerata responsabile per eventuali perdite o danni subiti dall\u2019utente in conseguenza di un uso scorretto del Sito Web oppure nel caso in cui l\u2019utente non rispetti i termini e le condizioni contenuti in questa pagina web, o le istruzioni fornite all\u2019utente nel Sito Web o mediante qualsiasi altro canale messo a disposizione con questo stesso fine.<\/p>\n\n\n\n<h3 class=\"wp-block-heading\">4.3 Dai contenuti a cui si accede in o tramite questo Sito Web<\/h3>\n\n\n\n<p>Il presente Sito Web permette l\u2019accesso a link e altre pagine web (di seguito, \u201cSiti Collegati\u201d). I link sono forniti in buona fede e GBfoods Europe non pu\u00f2 essere ritenuta responsabile per eventuali modifiche effettuate successivamente nei Siti Collegati. Consigliamo vivamente di tenersi informati e di leggere attentamente gli avvisi legali e sulla privacy di tutti i Siti Web che si visitano.  <\/p>\n\n\n\n<p>La Societ\u00e0 non si assume responsabilit\u00e0 per i contenuti e servizi offerti nei Siti Collegati da altri fornitori di servizi della societ\u00e0 dell\u2019informazione, pertanto non risponde dei danni causati dalla loro illiceit\u00e0, qualit\u00e0, mancanza di aggiornamento, errore o non disponibilit\u00e0.<\/p>\n\n\n\n<p>Se ritiene che uno dei Siti Collegati contenga contenuti illeciti, inadeguati o contrari a quanto previsto nel presente Avviso Legale cos\u00ec come qualsiasi altra problematica, pu\u00f2 comunicarlo a GBfoods Europe, tramite l\u2019indirizzo <a href=\"mailto:corpweb@thegbfoods.com\">corpweb@thegbfoods.com<\/a>, che agir\u00e0 con ogni diligenza per rimuovere i link o i contenuti, come applicabile.<\/p>\n\n\n\n<p>Infine, GBfoods Europe non si considera responsabile dei contenuti forniti da terzi (quali, ad esempio, commenti, fotografie, video, chat, forum, gruppi di notizie, ecc.) che risultino illeciti, lesivi di beni o diritti di terzi o non adempiano quanto indicato nel presente Avviso Legale e, inoltre, si riserva il diritto di modificare o, nel caso, rimuovere dal presente Sito Web tali contenuti o informazioni in modo immediato non appena venga a conoscenza di tale carattere dei contenuti, senza che ci\u00f2 comporti alcun tipo di indennizzo a favore dell\u2019utente responsabile della pubblicazione di tali contenuti o informazioni nel presente Sito Web. <\/p>\n\n\n\n<h2 class=\"wp-block-heading\">Licence for links<\/h2>\n\n\n\n<p>Gli utenti e, in generale, le persone che si propongono di stabilire un collegamento tra il proprio sito e questo Sito Web dovranno soddisfare le condizioni illustrate di seguito. Qualsiasi altra richiesta di collegamento diversa da quella definita in questa clausola richieder\u00e0 la previa accettazione scritta di GBfoods Europe. <\/p>\n\n\n\n<ul class=\"wp-block-list\">\n<li>L\u2019utente non potr\u00e0 riprodurre, n\u00e9 imitare, in tutto o in parte, il contenuto del Sito Web, n\u00e9 il suo aspetto grafico (\u201clook and feel\u201d), n\u00e9 creare frame (\u201cframe\u201d) o deep link (\u201cdeep linking\u201d) sulle pagine di GBfoods Europe.<\/li>\n\n\n\n<li>Ogni link da terzi al presente Sito Web dovr\u00e0 esserlo alla sua pagina principale o di accesso.<\/li>\n\n\n\n<li>Sulle pagine del Sito Web non potranno essere creati browser, frame, ambienti o barre di navigazione.<\/li>\n\n\n\n<li>Non si effettueranno dichiarazioni o indicazioni false, inesatte, errate o denigratorie sul Sito Web, GBfoods Europe o qualunque propriet\u00e0 di GBfoods Europe e, in particolare, non si dichiarer\u00e0 n\u00e9 far\u00e0 intendere che GBfoods Europe collabora, \u00e8 un socio collaboratore e\/o in qualunque altro modo ha supervisionato o accettato i contenuti o servizi offerti o messi a disposizione della pagina web in cui si stabilisce il collegamento.<\/li>\n\n\n\n<li>La pagina web in cui si stabilisce il collegamento non conterr\u00e0 nessun marchio, nome commerciale, insegna, denominazione, logo, slogan o altri segni distintivi appartenenti a GBfoods Europe, fatta eccezione per quei segni che fanno parte dello stesso collegamento o le altre Propriet\u00e0 che sono state in precedenza concesse in licenza per iscritto da GBfoods Europe.<\/li>\n\n\n\n<li>La pagina web in cui si stabilisce il collegamento non conterr\u00e0 informazioni o contenute illeciti, contrari alla morale, al buon costume generalmente inteso e all\u2019ordine pubblico.<\/li>\n<\/ul>\n\n\n\n<p>GBfoods Europe si riserva il diritto di intraprendere le azioni legali che le spettano contro chiunque non rispetti le condizioni di cui sopra.<\/p>\n\n\n\n<h2 class=\"wp-block-heading\">Other exclusions<\/h2>\n\n\n\n<p>GBfoods Europe si riserva il diritto di intraprendere le azioni legali che le spettano contro chiunque non rispetti le seguenti proibizioni:<br><\/p>\n\n\n\n<p>6.1 Utilizzare qualsiasi contenuto o servizio a fini o effetti illeciti, proibiti nel presente Avviso Legale, lesivi dei diritti e interessi di terzi, o che in qualsiasi modo possano danneggiare, rendere inservibile, sovraccaricare, deteriorare o impedire il normale utilizzo dei servizi, le attrezzature informatiche o i documenti, archivi e ogni genere di contenuti memorizzati nelle nostre attrezzature informatiche.<\/p>\n\n\n\n<p>6.2 Inserire virus o altri elementi fisici o elettronici che possano danneggiare o impedire il normale funzionamento della rete, del sistema o di attrezzature informatiche (hardware e software) nostre o di terzi o che possano danneggiare i documenti elettronici e archivi memorizzati in tali attrezzature informatiche.<\/p>\n\n\n\n<p>6.3 Ottenere o persino il tentativo di ottenere i contenuti impiegando a tale fine mezzi o procedimenti diversi da quelli che, a seconda dei casi, sono stati messi a disposizione per questo scopo in generale, da quelli che si utilizzano abitualmente in Internet a questo scopo sempre che non comportino un rischio di danneggiamento o inutilizzo del Sito Web, dei Servizi e\/o dei Contenuti.<\/p>\n\n\n\n<p>6.4 \u00c8, inoltre, proibito effettuare qualunque impiego o utilizzo dei servizi offerti, o che potrebbero essere offerti nel presente Sito Web (quali, ad esempio, chat, forum o gruppi di notizie), a scopo di lucro o in maniera tale da comportare o che potrebbe comportare un danno o un comportamento sleale nei confronti del Sito Web e GBfoods Europe. (ossia, comportamenti quali, ad esempio, deviare traffico verso un altro sito web).<\/p>\n\n\n\n<p>6.5 In definitiva, quindi, l\u2019utente si impegna a non togliere, cancellare, alterare, manipolare n\u00e9 in alcun modo modificare le note, didascalie, indicazioni o simboli che GBfoods Europe oppure i legittimi titolari dei diritti inseriscono nelle loro propriet\u00e0 in materia di propriet\u00e0 intellettuale o industriale (quali, per esempio, copyright, \u00a9, \u00ae y \u2122, ecc.) n\u00e9 i dispositivi tecnici di protezione o identificazione che possono essere presenti nei Contenuti (quali, per esempio, filigrane, impronte digitali ecc.). <\/p>\n\n\n\n<h2 class=\"wp-block-heading\">Applicable law and jurisdiction<\/h2>\n\n\n\n<p>Il presente Avviso Legale e qualunque questione relativa alla sua interpretazione, adempimento o inadempimento \u00e8 disciplinato in ciascuno dei suoi termini dalla legge spagnola, fatta salva l\u2019applicazione della normativa comunitaria e dei trattati internazionali, quando necessario.<\/p>\n\n\n\n<p>Per qualsiasi contenzioso relativo al presente Sito Web, GBfoods Europe e l\u2019utente si sottomettono, con espressa rinuncia al proprio foro, ai Giudici e ai Tribunali della citt\u00e0 di Barcellona (Spagna). Quanto precede, ferma restando la giurisdizione eventualmente competente per applicazione di regolamenti comunitari o di altri trattati internazionali, quando necessario. <\/p>\n\n\n\n<h2 class=\"wp-block-heading\">Updates and changes<\/h2>\n\n\n\n<p>Il presente Avviso Legale potr\u00e0 essere oggetto di aggiornamenti, correzioni o modifiche periodiche, e nel Sito Web sar\u00e0 pubblicata la versione aggiornata.<\/p>\n\n\n\n<p>Per questo, invitiamo a consultare periodicamente questa pagina per controllare se sono state apportate modifiche.<\/p>\n\n\n\n<p>Ultimo aggiornamento: settembre 2025<\/p>\n\n\n\n<style>\n.text-base, p, #cookie-policy-description{text-align:justify !important;}\n#cookie-policy-description, p{line-height:1.5 !important;}\np a, section.container-fluid a{text-decoration:underline!important;color:#fe5000!important;}\n<\/style>\n","protected":false},"excerpt":{"rendered":"<p>Grazie per aver visitato il nostro sito web. Tenga in conto che ogni volta che accede a questo sito web (di seguito, il \u201cSito Web\u201d o il \u201cSito\u201d) accetter\u00e0 i termini e le condizioni d\u2019uso illustrati in questo Avviso, nella relativa versione pubblicata nel momento in cui accede al Sito. Per questo, la invitiamo a &hellip; <a href=\"https:\/\/thegbfoodseurope.com\/it\/avviso-legale\/\">Continued<\/a><\/p>\n","protected":false},"author":1,"featured_media":0,"parent":0,"menu_order":0,"comment_status":"closed","ping_status":"closed","template":"template-legal.blade.php","meta":{"_acf_changed":false,"footnotes":""},"class_list":["post-3809","page","type-page","status-publish","hentry"],"acf":[],"yoast_head":"<!-- This site is optimized with the Yoast SEO plugin v26.9 - https:\/\/yoast.com\/product\/yoast-seo-wordpress\/ -->\n<title>Avviso legale - gbfoods<\/title>\n<meta name=\"robots\" content=\"index, follow, max-snippet:-1, max-image-preview:large, max-video-preview:-1\" \/>\n<link rel=\"canonical\" href=\"https:\/\/thegbfoodseurope.com\/it\/avviso-legale\/\" \/>\n<meta property=\"og:locale\" content=\"it_IT\" \/>\n<meta property=\"og:type\" content=\"article\" \/>\n<meta property=\"og:title\" content=\"Avviso legale - gbfoods\" \/>\n<meta property=\"og:description\" content=\"Grazie per aver visitato il nostro sito web. Tenga in conto che ogni volta che accede a questo sito web (di seguito, il \u201cSito Web\u201d o il \u201cSito\u201d) accetter\u00e0 i termini e le condizioni d\u2019uso illustrati in questo Avviso, nella relativa versione pubblicata nel momento in cui accede al Sito. Per questo, la invitiamo a &hellip; Continued\" \/>\n<meta property=\"og:url\" content=\"https:\/\/thegbfoodseurope.com\/it\/avviso-legale\/\" \/>\n<meta property=\"og:site_name\" content=\"gbfoods\" \/>\n<meta property=\"article:modified_time\" content=\"2026-02-13T10:23:00+00:00\" \/>\n<meta name=\"twitter:card\" content=\"summary_large_image\" \/>\n<meta name=\"twitter:label1\" content=\"Est. reading time\" \/>\n\t<meta name=\"twitter:data1\" content=\"11 minutes\" \/>\n<script type=\"application\/ld+json\" class=\"yoast-schema-graph\">{\"@context\":\"https:\/\/schema.org\",\"@graph\":[{\"@type\":\"WebPage\",\"@id\":\"https:\/\/thegbfoodseurope.com\/it\/avviso-legale\/\",\"url\":\"https:\/\/thegbfoodseurope.com\/it\/avviso-legale\/\",\"name\":\"Avviso legale - gbfoods\",\"isPartOf\":{\"@id\":\"https:\/\/thegbfoodseurope.com\/#website\"},\"datePublished\":\"2025-12-05T11:34:49+00:00\",\"dateModified\":\"2026-02-13T10:23:00+00:00\",\"breadcrumb\":{\"@id\":\"https:\/\/thegbfoodseurope.com\/it\/avviso-legale\/#breadcrumb\"},\"inLanguage\":\"it-IT\",\"potentialAction\":[{\"@type\":\"ReadAction\",\"target\":[\"https:\/\/thegbfoodseurope.com\/it\/avviso-legale\/\"]}]},{\"@type\":\"BreadcrumbList\",\"@id\":\"https:\/\/thegbfoodseurope.com\/it\/avviso-legale\/#breadcrumb\",\"itemListElement\":[{\"@type\":\"ListItem\",\"position\":1,\"name\":\"Home\",\"item\":\"https:\/\/thegbfoodseurope.com\/it\/\"},{\"@type\":\"ListItem\",\"position\":2,\"name\":\"Avviso legale\"}]},{\"@type\":\"WebSite\",\"@id\":\"https:\/\/thegbfoodseurope.com\/#website\",\"url\":\"https:\/\/thegbfoodseurope.com\/\",\"name\":\"gbfoods\",\"description\":\"\",\"potentialAction\":[{\"@type\":\"SearchAction\",\"target\":{\"@type\":\"EntryPoint\",\"urlTemplate\":\"https:\/\/thegbfoodseurope.com\/?s={search_term_string}\"},\"query-input\":{\"@type\":\"PropertyValueSpecification\",\"valueRequired\":true,\"valueName\":\"search_term_string\"}}],\"inLanguage\":\"it-IT\"}]}<\/script>\n<!-- \/ Yoast SEO plugin. -->","yoast_head_json":{"title":"Avviso legale - gbfoods","robots":{"index":"index","follow":"follow","max-snippet":"max-snippet:-1","max-image-preview":"max-image-preview:large","max-video-preview":"max-video-preview:-1"},"canonical":"https:\/\/thegbfoodseurope.com\/it\/avviso-legale\/","og_locale":"it_IT","og_type":"article","og_title":"Avviso legale - gbfoods","og_description":"Grazie per aver visitato il nostro sito web. Tenga in conto che ogni volta che accede a questo sito web (di seguito, il \u201cSito Web\u201d o il \u201cSito\u201d) accetter\u00e0 i termini e le condizioni d\u2019uso illustrati in questo Avviso, nella relativa versione pubblicata nel momento in cui accede al Sito. Per questo, la invitiamo a &hellip; Continued","og_url":"https:\/\/thegbfoodseurope.com\/it\/avviso-legale\/","og_site_name":"gbfoods","article_modified_time":"2026-02-13T10:23:00+00:00","twitter_card":"summary_large_image","twitter_misc":{"Est. reading time":"11 minutes"},"schema":{"@context":"https:\/\/schema.org","@graph":[{"@type":"WebPage","@id":"https:\/\/thegbfoodseurope.com\/it\/avviso-legale\/","url":"https:\/\/thegbfoodseurope.com\/it\/avviso-legale\/","name":"Avviso legale - gbfoods","isPartOf":{"@id":"https:\/\/thegbfoodseurope.com\/#website"},"datePublished":"2025-12-05T11:34:49+00:00","dateModified":"2026-02-13T10:23:00+00:00","breadcrumb":{"@id":"https:\/\/thegbfoodseurope.com\/it\/avviso-legale\/#breadcrumb"},"inLanguage":"it-IT","potentialAction":[{"@type":"ReadAction","target":["https:\/\/thegbfoodseurope.com\/it\/avviso-legale\/"]}]},{"@type":"BreadcrumbList","@id":"https:\/\/thegbfoodseurope.com\/it\/avviso-legale\/#breadcrumb","itemListElement":[{"@type":"ListItem","position":1,"name":"Home","item":"https:\/\/thegbfoodseurope.com\/it\/"},{"@type":"ListItem","position":2,"name":"Avviso legale"}]},{"@type":"WebSite","@id":"https:\/\/thegbfoodseurope.com\/#website","url":"https:\/\/thegbfoodseurope.com\/","name":"gbfoods","description":"","potentialAction":[{"@type":"SearchAction","target":{"@type":"EntryPoint","urlTemplate":"https:\/\/thegbfoodseurope.com\/?s={search_term_string}"},"query-input":{"@type":"PropertyValueSpecification","valueRequired":true,"valueName":"search_term_string"}}],"inLanguage":"it-IT"}]}},"_links":{"self":[{"href":"https:\/\/thegbfoodseurope.com\/it\/wp-json\/wp\/v2\/pages\/3809","targetHints":{"allow":["GET"]}}],"collection":[{"href":"https:\/\/thegbfoodseurope.com\/it\/wp-json\/wp\/v2\/pages"}],"about":[{"href":"https:\/\/thegbfoodseurope.com\/it\/wp-json\/wp\/v2\/types\/page"}],"author":[{"embeddable":true,"href":"https:\/\/thegbfoodseurope.com\/it\/wp-json\/wp\/v2\/users\/1"}],"replies":[{"embeddable":true,"href":"https:\/\/thegbfoodseurope.com\/it\/wp-json\/wp\/v2\/comments?post=3809"}],"version-history":[{"count":8,"href":"https:\/\/thegbfoodseurope.com\/it\/wp-json\/wp\/v2\/pages\/3809\/revisions"}],"predecessor-version":[{"id":5654,"href":"https:\/\/thegbfoodseurope.com\/it\/wp-json\/wp\/v2\/pages\/3809\/revisions\/5654"}],"wp:attachment":[{"href":"https:\/\/thegbfoodseurope.com\/it\/wp-json\/wp\/v2\/media?parent=3809"}],"curies":[{"name":"wp","href":"https:\/\/api.w.org\/{rel}","templated":true}]}}