{"id":3647,"date":"2025-11-03T12:03:16","date_gmt":"2025-11-03T12:03:16","guid":{"rendered":"https:\/\/thegbfoodseurope.com\/codigo-de-conducta-para-socios-de-negocio\/"},"modified":"2026-02-13T10:23:07","modified_gmt":"2026-02-13T10:23:07","slug":"politica-de-privacidad","status":"publish","type":"page","link":"https:\/\/thegbfoodseurope.com\/es\/politica-de-privacidad\/","title":{"rendered":"Pol\u00edtica de Privacidad"},"content":{"rendered":"\n<p>En <a>The GB Foods Europa, S.L.U.<\/a> concedemos gran importancia a la normativa y regulaci\u00f3n vigente en materia de privacidad y protecci\u00f3n de datos. En ese sentido, la protecci\u00f3n de la seguridad, integridad y confidencialidad de la informaci\u00f3n de nuestros usuarios es muy importante para nosotros y, por tanto, queremos actuar de forma responsable en esta materia. <\/p>\n\n\n\n<p>La presente pol\u00edtica (en adelante, \u201c<a>Pol\u00edtica de Privacidad<\/a>\u201d) describe la tipolog\u00eda de informaci\u00f3n personal que recabamos, c\u00f3mo la obtenemos, c\u00f3mo la compartimos, y las finalidades para las que la tratamos, as\u00ed como los medios de los que dispones como usuario para controlar dicho uso y ejercer tus derechos.<\/p>\n\n\n\n<p>Te indicamos que con los t\u00e9rminos &#8220;GBfoods&#8221; y &#8220;nuestro&#8221; nos referimos a <a><strong><strong>The GB Foods Europa, S.L.U<\/strong>.<\/strong> <\/a>Por \u201cusuario\/usuarios\u201d nos referimos a cualquier persona que accede y\/o utiliza este Sitio Web.<\/p>\n\n\n\n<h2 class=\"wp-block-heading\">Alcance de la Pol\u00edtica de Privacidad<\/h2>\n\n\n\n<p>Esta Pol\u00edtica de Privacidad es aplicable a los datos personales obtenidos por GBfoods de nuestros clientes, proveedores, solicitantes de informaci\u00f3n, candidatos a puestos de trabajos y, en su caso, de los usuarios de nuestro Sitio Web o terceros con los que nos podamos relacionar.<\/p>\n\n\n\n<p>Ello incluye informaci\u00f3n recopilada online y offline, campa\u00f1as de marketing directo, congresos y eventos online a trav\u00e9s de nuestros sitios web.<\/p>\n\n\n\n<p>En caso de cualquier duda o pregunta respecto al tratamiento y protecci\u00f3n de tus datos personales, puedes ponerte en contacto con nosotros escribi\u00e9ndonos a:<br> <a href=\"mailto:dataprivacy@thegbfoods.com\">dataprivacy@thegbfoods.com<\/a><\/p>\n\n\n\n<h2 class=\"wp-block-heading\">\u00bfQui\u00e9n es el Responsable del tratamiento?<\/h2>\n\n\n\n<p>El Responsable del tratamiento de tus datos es The GB Foods Europa, S.L.U. A continuaci\u00f3n, te detallamos nuestros datos de contacto:<br>Raz\u00f3n social: <a>The GB Foods Europa, S.L.U.<\/a><br>NIF: B67340521<br>Direcci\u00f3n postal: Plaza Europa n. 42, 08902, Hospitalet de Llobregat, Barcelona, Spain<br>Correo electr\u00f3nico de contacto: <a href=\"mailto:dataprivacy@thegbfoods.com\">dataprivacy@thegbfoods.com<\/a> <\/p>\n\n\n\n<h2 class=\"wp-block-heading\">\u00bfQu\u00e9 informaci\u00f3n recopilamos y c\u00f3mo lo hacemos?<\/h2>\n\n\n\n<p>En esta Pol\u00edtica de Privacidad, tu &#8220;informaci\u00f3n personal&#8221; se refiere a informaci\u00f3n o fragmentos de informaci\u00f3n que podr\u00edan permitirle ser identificado.<\/p>\n\n\n\n<p>Como norma general, para visitar nuestra p\u00e1gina web no es preciso suministrar ninguna informaci\u00f3n personal. Sin embargo, recopilamos informaci\u00f3n personal cuando: <\/p>\n\n\n\n<ul class=\"wp-block-list\">\n<li>La compartas con nosotros a trav\u00e9s de <strong>correo electr\u00f3nico<\/strong> facilitados y los <strong>formularios de contacto<\/strong> que integran nuestro sitio web. En estos casos, se pueden solicitar datos identificativos y de contacto. <\/li>\n\n\n\n<li>La compartas con nosotros a trav\u00e9s de los <strong>formularios de reclamaciones<\/strong> que se publican en las p\u00e1ginas web de las marcas de nuestros productos destinados a recibir preguntas, quejas y comentarios en relaci\u00f3n con nuestros productos, momento en el que le solicitaremos los datos personales necesarios para poder tramitar cada pregunta, queja y\/o comentario concreto. En estos casos, se solicitan datos identificativos y de contacto.  <\/li>\n\n\n\n<li>Nos env\u00edes <strong>solicitudes de empleo<\/strong>. En estos casos, adem\u00e1s de tus datos de contacto e identificativos, recabaremos datos relativos a caracter\u00edsticas personales como la edad, datos acad\u00e9micos y profesionales con el objetivo de procesar la petici\u00f3n correctamente. <\/li>\n\n\n\n<li>Tambi\u00e9n recabamos <strong>informaci\u00f3n que tu navegador web nos env\u00eda<\/strong> cuando visitas nuestra p\u00e1gina web, con la finalidad de analizar el comportamiento de tu navegaci\u00f3n y mejorar la experiencia de la misma, se incluir\u00e1, a t\u00edtulo enunciativo, pero no limitativo, tu direcci\u00f3n IP, h\u00e1bitos de consumo, informaci\u00f3n sobre sobre tus preferencias, tales como tus aficiones e intereses. <\/li>\n\n\n\n<li>Nos facilites los <strong>datos de contacto corporativos<\/strong> relativos a la empresa, entidad u organizaci\u00f3n para la cual trabajas o colaboras. Los datos que disponemos han sido obtenidos a trav\u00e9s de las relaciones comerciales o contractuales que la empresa, entidad u organizaci\u00f3n para la cual trabajas o colaboras ha mantenido con GBfoods. <\/li>\n<\/ul>\n\n\n\n<p>Toda la informaci\u00f3n personal facilitada a trav\u00e9s de los formularios del Sitio Web deber\u00e1 ser veraz, aut\u00e9ntica y actualizada, siendo el usuario el \u00fanico responsable de toda informaci\u00f3n falsa o inexacta facilitada y de los perjuicios que pudiera causar a GBfoods, en su caso. Los campos se\u00f1alados correspondientes son obligatorios por lo que, en caso de no facilitarlos, GBfoods podr\u00e1 denegar la petici\u00f3n que corresponda en cada caso. <\/p>\n\n\n\n<h2 class=\"wp-block-heading\">\u00bfCon qu\u00e9 finalidad tratamos tus datos?<\/h2>\n\n\n\n<p>En GBfoods tratamos tus datos personales mientras sean necesarios para las siguientes finalidades. Posteriormente, bloqueamos tus datos personales para poder responder ante cualquier responsabilidad derivada del tratamiento durante los plazos de prescripci\u00f3n aplicables. Transcurridos estos plazos procedemos a la supresi\u00f3n definitiva de los datos.  <\/p>\n\n\n\n<p>A continuaci\u00f3n, puedes consultar m\u00e1s informaci\u00f3n sobre las finalidades para las que tratamos tus datos, por cu\u00e1nto tiempo conservamos tus datos y qu\u00e9 nos legitima a tratarlos:<\/p>\n\n\n\n<ol style=\"list-style-type:lower-roman\" class=\"wp-block-list\">\n<li><strong>Finalidad<\/strong>: Conocer tus preferencias de navegaci\u00f3n en nuestro Sitio Web para personalizar y mejorar nuestros productos y tu experiencia. Para alcanzar dicha finalidad, procederemos a realizar un perfilado con tus h\u00e1bitos de navegaci\u00f3n en la p\u00e1gina web, sobre el cual no se adoptar\u00e1n decisiones automatizadas sobre la base del perfil generado. Para m\u00e1s informaci\u00f3n, consulte nuestra Pol\u00edtica de Cookies (Pol\u00edtica de cookies \u2013 GBFoods). <br><strong>Plazo de Conservaci\u00f3n<\/strong>: Los indicados en nuestra Pol\u00edtica de cookies, hasta un m\u00e1ximo de 2 a\u00f1os.<br>Base de legitimaci\u00f3n: Tu consentimiento prestado a tales efectos.<br><\/li>\n\n\n\n<li><strong>Finalidad:<\/strong> Gestionar y tramitar la respuesta a tu petici\u00f3n de informaci\u00f3n enviada a trav\u00e9s de los correos electr\u00f3nicos correspondientes publicados y del formulario de contacto de nuestro Sitio Web.<br><strong>Plazo de Conservaci\u00f3n:<\/strong> Hasta el momento en que hayamos resuelto tu consulta, as\u00ed como el tiempo necesario para cumplir las obligaciones legales correspondientes.<br><strong>Base de legitimaci\u00f3n:<\/strong> Tu consentimiento prestado a tales efectos.<br><\/li>\n\n\n\n<li><strong>Purpose:<\/strong> Atender a tu solicitud de empleo y gestionar los procesos de selecci\u00f3n actuales y futuros de la compa\u00f1\u00eda, as\u00ed como del resto de las empresas de GBfoods.<br><strong>Plazo de Conservaci\u00f3n:<\/strong> Durante la vigencia del proceso de selecci\u00f3n al cual te hayas inscrito y\/o, en caso de contar con tu consentimiento, para su incorporaci\u00f3n a nuestra bolsa de empleo durante un plazo de 2 a\u00f1os despu\u00e9s de tu \u00faltima interacci\u00f3n con nosotros.<br><strong>Legal :<\/strong> Ejecuci\u00f3n de medidas precontractuales para gestionar el proceso de selecci\u00f3n de las candidaturas y tu consentimiento expreso para utilizar tu candidatura en futuras oportunidades de selecci\u00f3n, as\u00ed como compartirlo con el resto de las empresas del Grupo GBfoods.<br><\/li>\n\n\n\n<li><strong>Finalidad:<\/strong> Gestionar las relaciones contractuales con proveedores, incluida la tramitaci\u00f3n de pedidos, facturaci\u00f3n, cumplimiento de obligaciones contractuales y legales, as\u00ed como la gesti\u00f3n de contactos profesionales con entidades, organizaciones o compa\u00f1\u00edas y con las personas que trabajan o colaboran con \u00e9stas o con sus representantes legales. <br><strong>Plazo de Conservaci\u00f3n:<\/strong> Mientras exista una relaci\u00f3n contractual y posteriormente se bloquear\u00e1n hasta 6 a\u00f1os, para atender posibles obligaciones legales, y mientras se mantenga dicho inter\u00e9s profesional y no se haya ejercido el derecho de oposici\u00f3n. <br><strong>Base de legitimaci\u00f3n:<\/strong> Gesti\u00f3n de la relaci\u00f3n contractual con contactos existentes e inter\u00e9s leg\u00edtimo consistente en fomentar nuevas relaciones profesionales con potenciales colaboradores.<br><\/li>\n\n\n\n<li><strong>Finalidad:<\/strong> Gestionar las reclamaciones de forma centralizada de las p\u00e1ginas web de las marcas de nuestros productos.<br><strong>Plazo de Conservaci\u00f3n:<\/strong> Hasta un m\u00e1ximo de 5 a\u00f1os a partir de la fecha en que se tramit\u00f3 y resolvi\u00f3 la reclamaci\u00f3n en Espa\u00f1a, Finlandia, Pa\u00edses Bajos, B\u00e9lgica y Francia. Durante 3 a\u00f1os a partir del final del a\u00f1o en que se resuelva la reclamaci\u00f3n en Alemania. Durante 26 meses desde la venta de los productos, en Italia.  <br><strong>Base de legitimaci\u00f3n:<\/strong> Inter\u00e9s leg\u00edtimo para la gesti\u00f3n de la centralizaci\u00f3n de las reclamaciones.<\/li>\n<\/ol>\n\n\n\n<p><\/p>\n\n\n\n<h2 class=\"wp-block-heading\">\u00bfC\u00f3mo actuamos ante los datos de menores de edad?<\/h2>\n\n\n\n<p>El presente Sitio Web no est\u00e1 dirigido a menores de 14 a\u00f1os, por consiguiente, deber\u00e1n abstenerse de facilitar cualquier informaci\u00f3n de car\u00e1cter personal. En caso de que GBfoods descubra que ha recogido accidentalmente datos personales de menores de 14 a\u00f1os, proceder\u00e1 a su eliminaci\u00f3n cuanto antes. <\/p>\n\n\n\n<p>No obstante, GBfoods podr\u00e1 recoger datos personales de menores de 14 a\u00f1os siempre que estos sean directamente facilitados por sus padres o tutores legales, es decir, con su consentimiento expl\u00edcito.<\/p>\n\n\n\n<h2 class=\"wp-block-heading\">\u00bfA qui\u00e9n comunicamos tus datos?<\/h2>\n\n\n\n<p>Los datos no ser\u00e1n cedidos o puestos a disposici\u00f3n de ninguna otra forma a ning\u00fan tercero, salvo que (i) GBfoods haya recabado previamente el debido consentimiento de los usuarios; (ii) deban comunicarse a estamentos oficiales p\u00fablicos por obligaci\u00f3n legal, (iii) pudiera ser preciso respecto a las empresas encargadas del tratamiento de tus datos personales de proveedores de servicios inform\u00e1ticos, proveedores sitio web, procesamiento de facturas (m\u00f3dulo para proveedores), proveedor bolsa de empleo (Talent Clue), soporte IT\/CRM (reclamaciones consumidores); as\u00ed como (iv) con otras empresas del grupo GBfoods, en base al inter\u00e9s leg\u00edtimo de nuestro grupo empresarial para fines administrativos internos.    <\/p>\n\n\n\n<p>Al respecto, te informamos que en las comunicaciones de datos para el uso de proveedores de servicios y entre entidades del grupo GBfoods que puedan encontrarse fuera del Espacio Econ\u00f3mico Europeo se ofrece un nivel de protecci\u00f3n equivalente al previsto en el RGPD, por cuanto suscribimos las correspondientes cl\u00e1usulas tipo. Del mismo modo, si alguno de nuestros encargados del tratamiento se encuentra fuera del referido territorio, nos aseguramos de que los pa\u00edses destinatarios de los datos hayan recibido una decisi\u00f3n de adecuaci\u00f3n por parte de la Comisi\u00f3n Europea o, en caso contrario, que se suscriben las correspondientes cl\u00e1usulas tipo. <\/p>\n\n\n\n<p>En este sentido, tomamos todas las precauciones razonables para mantener segura tu informaci\u00f3n personal y exigimos a terceros que manejen o procesen tu informaci\u00f3n personal que hagan lo mismo.<\/p>\n\n\n\n<h2 class=\"wp-block-heading\">\u00bfQu\u00e9 derechos te amparan en relaci\u00f3n con el tratamiento de tus datos?<\/h2>\n\n\n\n<p>Tienes derecho a obtener informaci\u00f3n sobre el tratamiento que GBfoods realiza sobre tus datos personales. En concreto: <\/p>\n\n\n\n<ul class=\"wp-block-list\">\n<li>Tienes derecho a acceder a tus datos personales para conocer qu\u00e9 datos personales estamos tratando que te conciernen, as\u00ed como a solicitar la rectificaci\u00f3n de los datos inexactos o, en su caso, solicitar su supresi\u00f3n cuando, entre otros motivos, los datos ya no sean necesarios para los fines que fueron recogidos.<\/li>\n\n\n\n<li>En determinadas circunstancias, podr\u00e1s solicitar la limitaci\u00f3n del tratamiento de tus datos, en cuyo caso \u00fanicamente los conservaremos para el ejercicio o la defensa de reclamaciones.<\/li>\n\n\n\n<li>En determinadas circunstancias y por motivos relacionados con tu situaci\u00f3n particular, podr\u00e1s oponerte al tratamiento de tus datos. GBfoods dejar\u00e1 de tratar tus datos, salvo por motivos leg\u00edtimos imperiosos, o el ejercicio o la defensa de posibles reclamaciones. <\/li>\n\n\n\n<li>Tendr\u00e1s tambi\u00e9n derecho a la portabilidad de tus datos, as\u00ed como a no ser objeto de una decisi\u00f3n basada \u00fanicamente en el tratamiento automatizado de tus datos personales.<\/li>\n<\/ul>\n\n\n\n<p>Puedes ejercer los referidos derechos dirigiendo un e-mail a la direcci\u00f3n electr\u00f3nica dataprivacy@thegbfoods.com, con la referencia \u201cProtecci\u00f3n de datos\u201d, indicando el derecho que desea ejercitar e identific\u00e1ndote convenientemente.<\/p>\n\n\n\n<p>Responderemos a tus peticiones a la mayor brevedad posible y, en todo caso, en el plazo de un (1) mes desde la recepci\u00f3n de tu solicitud. En determinadas circunstancias, dicho plazo podr\u00e1 prorrogarse otros dos (2) meses, en cuyo caso te informaremos oportunamente dentro del plazo de un (1) mes desde la recepci\u00f3n de tu solicitud. <\/p>\n\n\n\n<p>Si crees que el tratamiento de tus datos personales infringe la normativa sobre protecci\u00f3n de datos, o bien que no hemos satisfecho el ejercicio de tus derechos, puedes presentar una reclamaci\u00f3n ante la autoridad de control competente. En cualquier caso, te recordamos que puedes contactar con nuestro delegado de protecci\u00f3n de datos a trav\u00e9s de dataprivacy@thegbfoods.com para cualquier duda o cuesti\u00f3n sobre el tratamiento de tus datos. <\/p>\n\n\n\n<h2 class=\"wp-block-heading\">\u00bfTienes derecho a retirar tu consentimiento?<\/h2>\n\n\n\n<p>S\u00ed, tienes derecho a retirar el consentimiento en cualquier momento, sin que ello afecte a la licitud del tratamiento basado en el consentimiento previo a su retirada. <\/p>\n\n\n\n<h2 class=\"wp-block-heading\">\u00bfCabe la opci\u00f3n a modificar la presente Pol\u00edtica de Privacidad?<\/h2>\n\n\n\n<p>Nuestra Pol\u00edtica de Privacidad podr\u00e1 ser objeto de modificaciones peri\u00f3dicas, colgando en nuestro Sitio Web la versi\u00f3n actualizada. Por ello, te invitamos a que consultes peri\u00f3dicamente esta p\u00e1gina. En este sentido, te comunicaremos cualquier modificaci\u00f3n de especial relevancia, y solicitaremos tu consentimiento para aquellos tratamientos sujeto a tal base legal.  <\/p>\n\n\n\n<p>\u00daltima actualizaci\u00f3n: Octubre 2025<\/p>\n\n\n\n<style>\n.text-base, p, #cookie-policy-description{text-align:justify !important;}\n#cookie-policy-description, p{line-height:1.5 !important;}\np a, section.container-fluid a{text-decoration:underline!important;color:#fe5000!important;}\n<\/style>\n","protected":false},"excerpt":{"rendered":"<p>En The GB Foods Europa, S.L.U. concedemos gran importancia a la normativa y regulaci\u00f3n vigente en materia de privacidad y protecci\u00f3n de datos. En ese sentido, la protecci\u00f3n de la seguridad, integridad y confidencialidad de la informaci\u00f3n de nuestros usuarios es muy importante para nosotros y, por tanto, queremos actuar de forma responsable en esta &hellip; <a href=\"https:\/\/thegbfoodseurope.com\/es\/politica-de-privacidad\/\">Continued<\/a><\/p>\n","protected":false},"author":1,"featured_media":0,"parent":0,"menu_order":0,"comment_status":"closed","ping_status":"closed","template":"template-legal.blade.php","meta":{"_acf_changed":false,"footnotes":""},"class_list":["post-3647","page","type-page","status-publish","hentry"],"acf":[],"yoast_head":"<!-- This site is optimized with the Yoast SEO plugin v26.9 - https:\/\/yoast.com\/product\/yoast-seo-wordpress\/ -->\n<title>Pol\u00edtica de Privacidad - gbfoods<\/title>\n<meta name=\"robots\" content=\"index, follow, max-snippet:-1, max-image-preview:large, max-video-preview:-1\" \/>\n<link rel=\"canonical\" href=\"https:\/\/thegbfoodseurope.com\/es\/politica-de-privacidad\/\" \/>\n<meta property=\"og:locale\" content=\"es_ES\" \/>\n<meta property=\"og:type\" content=\"article\" \/>\n<meta property=\"og:title\" content=\"Pol\u00edtica de Privacidad - gbfoods\" \/>\n<meta property=\"og:description\" content=\"En The GB Foods Europa, S.L.U. concedemos gran importancia a la normativa y regulaci\u00f3n vigente en materia de privacidad y protecci\u00f3n de datos. En ese sentido, la protecci\u00f3n de la seguridad, integridad y confidencialidad de la informaci\u00f3n de nuestros usuarios es muy importante para nosotros y, por tanto, queremos actuar de forma responsable en esta &hellip; Continued\" \/>\n<meta property=\"og:url\" content=\"https:\/\/thegbfoodseurope.com\/es\/politica-de-privacidad\/\" \/>\n<meta property=\"og:site_name\" content=\"gbfoods\" \/>\n<meta property=\"article:modified_time\" content=\"2026-02-13T10:23:07+00:00\" \/>\n<meta name=\"twitter:card\" content=\"summary_large_image\" \/>\n<meta name=\"twitter:label1\" content=\"Est. reading time\" \/>\n\t<meta name=\"twitter:data1\" content=\"9 minutes\" \/>\n<script type=\"application\/ld+json\" class=\"yoast-schema-graph\">{\"@context\":\"https:\/\/schema.org\",\"@graph\":[{\"@type\":\"WebPage\",\"@id\":\"https:\/\/thegbfoodseurope.com\/es\/politica-de-privacidad\/\",\"url\":\"https:\/\/thegbfoodseurope.com\/es\/politica-de-privacidad\/\",\"name\":\"Pol\u00edtica de Privacidad - gbfoods\",\"isPartOf\":{\"@id\":\"https:\/\/thegbfoodseurope.com\/#website\"},\"datePublished\":\"2025-11-03T12:03:16+00:00\",\"dateModified\":\"2026-02-13T10:23:07+00:00\",\"breadcrumb\":{\"@id\":\"https:\/\/thegbfoodseurope.com\/es\/politica-de-privacidad\/#breadcrumb\"},\"inLanguage\":\"es-ES\",\"potentialAction\":[{\"@type\":\"ReadAction\",\"target\":[\"https:\/\/thegbfoodseurope.com\/es\/politica-de-privacidad\/\"]}]},{\"@type\":\"BreadcrumbList\",\"@id\":\"https:\/\/thegbfoodseurope.com\/es\/politica-de-privacidad\/#breadcrumb\",\"itemListElement\":[{\"@type\":\"ListItem\",\"position\":1,\"name\":\"Home\",\"item\":\"https:\/\/thegbfoodseurope.com\/es\/\"},{\"@type\":\"ListItem\",\"position\":2,\"name\":\"Pol\u00edtica de Privacidad\"}]},{\"@type\":\"WebSite\",\"@id\":\"https:\/\/thegbfoodseurope.com\/#website\",\"url\":\"https:\/\/thegbfoodseurope.com\/\",\"name\":\"gbfoods\",\"description\":\"\",\"potentialAction\":[{\"@type\":\"SearchAction\",\"target\":{\"@type\":\"EntryPoint\",\"urlTemplate\":\"https:\/\/thegbfoodseurope.com\/?s={search_term_string}\"},\"query-input\":{\"@type\":\"PropertyValueSpecification\",\"valueRequired\":true,\"valueName\":\"search_term_string\"}}],\"inLanguage\":\"es-ES\"}]}<\/script>\n<!-- \/ Yoast SEO plugin. -->","yoast_head_json":{"title":"Pol\u00edtica de Privacidad - gbfoods","robots":{"index":"index","follow":"follow","max-snippet":"max-snippet:-1","max-image-preview":"max-image-preview:large","max-video-preview":"max-video-preview:-1"},"canonical":"https:\/\/thegbfoodseurope.com\/es\/politica-de-privacidad\/","og_locale":"es_ES","og_type":"article","og_title":"Pol\u00edtica de Privacidad - gbfoods","og_description":"En The GB Foods Europa, S.L.U. concedemos gran importancia a la normativa y regulaci\u00f3n vigente en materia de privacidad y protecci\u00f3n de datos. En ese sentido, la protecci\u00f3n de la seguridad, integridad y confidencialidad de la informaci\u00f3n de nuestros usuarios es muy importante para nosotros y, por tanto, queremos actuar de forma responsable en esta &hellip; Continued","og_url":"https:\/\/thegbfoodseurope.com\/es\/politica-de-privacidad\/","og_site_name":"gbfoods","article_modified_time":"2026-02-13T10:23:07+00:00","twitter_card":"summary_large_image","twitter_misc":{"Est. reading time":"9 minutes"},"schema":{"@context":"https:\/\/schema.org","@graph":[{"@type":"WebPage","@id":"https:\/\/thegbfoodseurope.com\/es\/politica-de-privacidad\/","url":"https:\/\/thegbfoodseurope.com\/es\/politica-de-privacidad\/","name":"Pol\u00edtica de Privacidad - gbfoods","isPartOf":{"@id":"https:\/\/thegbfoodseurope.com\/#website"},"datePublished":"2025-11-03T12:03:16+00:00","dateModified":"2026-02-13T10:23:07+00:00","breadcrumb":{"@id":"https:\/\/thegbfoodseurope.com\/es\/politica-de-privacidad\/#breadcrumb"},"inLanguage":"es-ES","potentialAction":[{"@type":"ReadAction","target":["https:\/\/thegbfoodseurope.com\/es\/politica-de-privacidad\/"]}]},{"@type":"BreadcrumbList","@id":"https:\/\/thegbfoodseurope.com\/es\/politica-de-privacidad\/#breadcrumb","itemListElement":[{"@type":"ListItem","position":1,"name":"Home","item":"https:\/\/thegbfoodseurope.com\/es\/"},{"@type":"ListItem","position":2,"name":"Pol\u00edtica de Privacidad"}]},{"@type":"WebSite","@id":"https:\/\/thegbfoodseurope.com\/#website","url":"https:\/\/thegbfoodseurope.com\/","name":"gbfoods","description":"","potentialAction":[{"@type":"SearchAction","target":{"@type":"EntryPoint","urlTemplate":"https:\/\/thegbfoodseurope.com\/?s={search_term_string}"},"query-input":{"@type":"PropertyValueSpecification","valueRequired":true,"valueName":"search_term_string"}}],"inLanguage":"es-ES"}]}},"_links":{"self":[{"href":"https:\/\/thegbfoodseurope.com\/es\/wp-json\/wp\/v2\/pages\/3647","targetHints":{"allow":["GET"]}}],"collection":[{"href":"https:\/\/thegbfoodseurope.com\/es\/wp-json\/wp\/v2\/pages"}],"about":[{"href":"https:\/\/thegbfoodseurope.com\/es\/wp-json\/wp\/v2\/types\/page"}],"author":[{"embeddable":true,"href":"https:\/\/thegbfoodseurope.com\/es\/wp-json\/wp\/v2\/users\/1"}],"replies":[{"embeddable":true,"href":"https:\/\/thegbfoodseurope.com\/es\/wp-json\/wp\/v2\/comments?post=3647"}],"version-history":[{"count":5,"href":"https:\/\/thegbfoodseurope.com\/es\/wp-json\/wp\/v2\/pages\/3647\/revisions"}],"predecessor-version":[{"id":5655,"href":"https:\/\/thegbfoodseurope.com\/es\/wp-json\/wp\/v2\/pages\/3647\/revisions\/5655"}],"wp:attachment":[{"href":"https:\/\/thegbfoodseurope.com\/es\/wp-json\/wp\/v2\/media?parent=3647"}],"curies":[{"name":"wp","href":"https:\/\/api.w.org\/{rel}","templated":true}]}}