{"id":3585,"date":"2025-11-04T15:38:27","date_gmt":"2025-11-04T15:38:27","guid":{"rendered":"https:\/\/thegbfoodseurope.com\/nuestro-compromiso\/medio-ambiente\/"},"modified":"2026-02-12T11:38:14","modified_gmt":"2026-02-12T11:38:14","slug":"medio-ambiente","status":"publish","type":"page","link":"https:\/\/thegbfoodseurope.com\/es\/nuestro-compromiso\/medio-ambiente\/","title":{"rendered":"Medio ambiente"},"content":{"rendered":"<section id=\"hero-section\" class=\"container-fluid relative z-10 bg-white\">\n    <div class=\"flex h-[316px] md:h-[400px] items-end justify-start py-5 rounded-2xl overflow-hidden\">\n        <div class=\"absolute top-0 w-full h-full left-0 z-[-1] px-2 md:px-3 overflow-hidden\">\n                                            <picture>\n                                            <source srcset=\"https:\/\/thegbfoodseurope.com\/app\/uploads\/2025\/12\/weavy-Gemini-2.5-Flash-Nano-Banana-2025-11-04-at-09.41.07-scaled.webp\" >\n                                                            <img decoding=\"async\" class=\"object-cover h-full w-full rounded-[14px] sm:rounded-[25px] md:rounded-xl\"\n                        src=\"https:\/\/thegbfoodseurope.com\/app\/uploads\/2025\/12\/weavy-Gemini-2.5-Flash-Nano-Banana-2025-11-04-at-09.41.07-scaled.webp\"\n                        alt=\"Medio ambiente\" \/>\n                <\/picture>\n                    <\/div>\n        <div class=\"text-white container-fluid mx-auto w-full pb-2 md:py-4\">\n                            <p class=\"Accent_Text_1 text-white font-marydale mb-2\">Un futuro m\u00e1s verde<\/p>\n                                        <h1 class=\"heading_1 text-white leading-[100%]\">Medio ambiente<\/h1>\n                    <\/div>\n    <\/div>\n<\/section>\n\n\n<section class=\"container-fluid mx-auto pb-4 pt-6\">\n    <a class=\"font-apex inline-flex items-center gap-2 text-base font-medium leading-none text-gray-400 transition-all duration-300 ease-in-out hover:text-orange-400\" href=\"https:\/\/thegbfoodseurope.com\/es\/nuestro-compromiso\/\"\n      >\n      <svg class=\"size-6\" width=\"24\" height=\"24\" viewBox=\"0 0 24 24\" fill=\"none\" xmlns=\"http:\/\/www.w3.org\/2000\/svg\">\n        <path\n          d=\"M9.60352 6.55612C9.35791 6.22262 8.88918 6.15138 8.55566 6.39694L8.55371 6.39791C8.553 6.39842 8.55189 6.39904 8.55078 6.39987L8.49609 6.44088C8.45827 6.46907 8.40268 6.51033 8.33301 6.56295C8.19366 6.66821 7.99549 6.81985 7.75781 7.00533C7.28279 7.37604 6.64587 7.88592 6.00781 8.4399C5.37354 8.99062 4.71967 9.59955 4.21875 10.1665C3.96909 10.449 3.7415 10.7393 3.57227 11.02C3.41544 11.2802 3.25 11.627 3.25 12.0005C3.25013 12.3738 3.41546 12.7208 3.57227 12.9809C3.74151 13.2616 3.96916 13.5519 4.21875 13.8344C4.71966 14.4013 5.37364 15.0104 6.00781 15.561C6.64564 16.1148 7.28193 16.6249 7.75684 16.9956C7.99454 17.1811 8.19368 17.3327 8.33301 17.438C8.40235 17.4903 8.45737 17.5319 8.49512 17.56C8.51376 17.5739 8.5291 17.5849 8.53906 17.5922C8.54392 17.5958 8.54816 17.5991 8.55078 17.601C8.55181 17.6018 8.55307 17.6025 8.55371 17.603L8.55469 17.604C8.88812 17.8493 9.35792 17.778 9.60352 17.4448C9.84894 17.1114 9.77751 16.6426 9.44434 16.3969C9.44392 16.3966 9.44241 16.3947 9.44141 16.394C9.43934 16.3925 9.43559 16.3901 9.43164 16.3872C9.42281 16.3806 9.40899 16.3708 9.3916 16.3579C9.35631 16.3316 9.30396 16.292 9.2373 16.2417C9.10334 16.1405 8.91037 15.993 8.67969 15.813C8.21736 15.4521 7.60282 14.9592 6.99121 14.4282C6.37601 13.894 5.78011 13.335 5.34375 12.8413C5.31647 12.8104 5.29019 12.7793 5.26465 12.7495H20C20.4142 12.7494 20.75 12.4136 20.75 11.9995C20.7498 11.5855 20.414 11.2495 20 11.2495H5.2666C5.29169 11.2202 5.317 11.1899 5.34375 11.1596C5.78019 10.6658 6.37677 10.1071 6.99219 9.57272C7.60377 9.04173 8.21734 8.54877 8.67969 8.18795C8.91047 8.00785 9.10328 7.86047 9.2373 7.75924C9.30407 7.70882 9.35624 7.66938 9.3916 7.64303C9.40907 7.63001 9.42275 7.62032 9.43164 7.61373C9.43603 7.61048 9.44023 7.60846 9.44238 7.6069C9.4433 7.60622 9.4439 7.60534 9.44434 7.60494C9.7777 7.35943 9.84873 6.88961 9.60352 6.55612Z\"\n          fill=\"currentColor\" \/>\n      <\/svg>\n\n      Atr\u00e1s\n    <\/a>\n  <\/section>\n\n\n<section class=\"container-fluid grid grid-cols-1 gap-5 pb-[48px] pt-[32px] sm:pt-[50px] md:grid-cols-2 md:gap-[90px] md:pb-[50px] md:pt-[60px] lg:pb-[60px] lg:pt-[100px] xl:pb-[80px]\"  id=\"compromiso\" >\n\n    \n    <div class=\"md:order-2 order-2 rounded-xl max-md:hidden\">\n      <img decoding=\"async\" class=\"object-contain object-top h-full w-full rounded-xl\" src=\"https:\/\/thegbfoodseurope.com\/app\/uploads\/2026\/01\/WEBP_ENVIROMENT-SPANISH.webp\" alt=\"\">\n    <\/div>\n\n    \n    <div class=\"md:order-1 order-1\">\n      <div class=\"flex flex-col gap-2\">\n                  <p class=\"font-marydale text-lg text-orange-400 sm:text-2xl md:text-[28px]\">Nuestro compromiso<\/p>\n        \n                  <h3 class=\"font-apex pb-4 text-[28px] font-bold leading-[110%] tracking-[-0.5%] text-gray-500 sm:text-[40px] md:text-[45px] lg:text-[58px]\">\n            Nos comprometemos a contribuir a un futuro m\u00e1s verde\n          <\/h3>\n              <\/div>\n\n      \n      <div class=\"mb-4 rounded-xl md:hidden\">\n        <img decoding=\"async\" class=\"object-contain object-top h-full w-full rounded-xl\" src=\"https:\/\/thegbfoodseurope.com\/app\/uploads\/2026\/01\/WEBP_ENVIROMENT-SPANISH.webp\" alt=\"\">\n      <\/div>\n\n      <div class=\"flex flex-col items-start gap-3\">\n                  <div class=\"body_1 font-apex wysiwyg pt-4 text-gray-500 md:pt-3\"><p>Este compromiso abarca objetivos como alcanzar emisiones netas cero para 2050, potenciar las pr\u00e1cticas sostenibles, reducir la intensidad de las emisiones en los ingredientes, optimizar la log\u00edstica, convertir nuestras f\u00e1bricas en neutras en carbono y desarrollar soluciones de envasado circulares.<br \/>Nuestros objetivos de reducci\u00f3n de emisiones a corto y largo plazo est\u00e1n aprobados por la iniciativa de los Objetivos basados en la ciencia (SBTi, siglas en ingl\u00e9s de Science Based Targets initiative), lo que garantiza su plena alineaci\u00f3n con la ciencia clim\u00e1tica y el Acuerdo de Par\u00eds.<\/p>\n<\/div>\n        \n              <\/div>\n    <\/div>\n  <\/section>\n\n\n<section class=\"container-fluid mx-auto w-full bg-gray-100 py-8 sm:py-20 md:pb-[90px]\"  id=\"enfoque\" >\n  <div class=\"flex flex-col items-start justify-between gap-11 md:flex-row\">\n    <div class=\"w-full max-w-[350px] md:sticky md:top-[13.75rem] lg:top-[16.875rem]\">\n              <p class=\"Accent_Text_1 font-marydale text-orange-400\">\n          Nuestro enfoque\n        <\/p>\n                    <h3 class=\"font-apex pt-2 text-[28px] font-bold leading-[110%] text-gray-500 sm:text-[35px] md:text-[40px] lg:text-[52px]\">\n          Hacemos realidad el camino hacia el cero neto\n        <\/h3>\n          <\/div>\n    <div class=\"w-full space-y-[58px] sm:space-y-[42px]\">\n                        <article class=\"bg-gray-0 shadow-c1 flex flex-col overflow-hidden rounded-lg p-2 xl:flex-row\">\n                          <div class=\"relative h-[249px] lg:h-auto xl:max-w-[405px]\">\n                <img decoding=\"async\" class=\"h-full w-full rounded-[10px] object-cover\" src=\"https:\/\/thegbfoodseurope.com\/app\/uploads\/2025\/12\/dsfsdgsg.webp\" alt=\"\" \/>\n                                  <p class=\"font-apex absolute inset-x-6 bottom-6 text-[32px] font-bold leading-none text-white md:inset-x-4 lg:text-4xl\">\n                    Emisiones de CO\u2082e\n                  <\/p>\n                              <\/div>\n                        <div class=\"px-4 py-6 md:w-full md:p-6 xl:py-8 xl:pl-10 xl:pr-8\">\n                                                          <div class=\"font-apex wysiwyg text-base text-gray-500 md:text-lg\">\n                  <p>Nuestro objetivo es alcanzar el objetivo de cero emisiones netas en todos los \u00e1mbitos para 2050. Al igual que en el sector alimentario en general, la mayor parte de nuestras emisiones se incluyen en el \u00e1mbito 3. Es decir, son emisiones indirectas ajenas a las operaciones directas que se producen a lo largo de nuestra cadena de valor y que se deben principalmente al abastecimiento de ingredientes (63 %) y al envasado (21 %). Colaboramos activamente con nuestros proveedores para detectar nuevas posibilidades de reducci\u00f3n e impulsar un cambio sist\u00e9mico en toda nuestra cadena de valor.  <\/p>\n\n                <\/div>\n                          <\/div>\n          <\/article>\n                  <article class=\"bg-gray-0 shadow-c1 flex flex-col overflow-hidden rounded-lg p-2 xl:flex-row\">\n                          <div class=\"relative h-[249px] lg:h-auto xl:max-w-[405px]\">\n                <img decoding=\"async\" class=\"h-full w-full rounded-[10px] object-cover\" src=\"https:\/\/thegbfoodseurope.com\/app\/uploads\/2025\/12\/gjgf.webp\" alt=\"\" \/>\n                                  <p class=\"font-apex absolute inset-x-6 bottom-6 text-[32px] font-bold leading-none text-white md:inset-x-4 lg:text-4xl\">\n                    Agua\n                  <\/p>\n                              <\/div>\n                        <div class=\"px-4 py-6 md:w-full md:p-6 xl:py-8 xl:pl-10 xl:pr-8\">\n                                                          <div class=\"font-apex wysiwyg text-base text-gray-500 md:text-lg\">\n                  <p>Para 2030, reducci\u00f3n de emisiones con respecto a 2022 con la descarbonizaci\u00f3n de las grandes f\u00e1bricas completada<br \/>\n35 %<\/p>\n<p>&nbsp;<\/p>\n<p><strong>Reducci\u00f3n del 50 %:<\/strong> Optimizing processes and investing in advanced monitoring technologies.<\/p>\n<p>&nbsp;<br \/>\n<br \/><strong>Reutilizaci\u00f3n y reciclaje:<\/strong> Implementing water recycling systems across multiple production stages.<\/p>\n\n                <\/div>\n                          <\/div>\n          <\/article>\n                  <article class=\"bg-gray-0 shadow-c1 flex flex-col overflow-hidden rounded-lg p-2 xl:flex-row\">\n                          <div class=\"relative h-[249px] lg:h-auto xl:max-w-[405px]\">\n                <img decoding=\"async\" class=\"h-full w-full rounded-[10px] object-cover\" src=\"https:\/\/thegbfoodseurope.com\/app\/uploads\/2025\/12\/ghdgfgfsd.webp\" alt=\"\" \/>\n                                  <p class=\"font-apex absolute inset-x-6 bottom-6 text-[32px] font-bold leading-none text-white md:inset-x-4 lg:text-4xl\">\n                    Residuos\n                  <\/p>\n                              <\/div>\n                        <div class=\"px-4 py-6 md:w-full md:p-6 xl:py-8 xl:pl-10 xl:pr-8\">\n                                                          <div class=\"font-apex wysiwyg text-base text-gray-500 md:text-lg\">\n                  <p>Nuestro objetivo es reducir los residuos en un 50 % para 2030 y garantizar que el 100 % de los materiales sean reciclables sin generar residuos: <\/p>\n<p>&nbsp;<br \/>\n<strong>Reducci\u00f3n del 50 %:<\/strong> Minimizar la generaci\u00f3n de residuos e implantar sistemas de reciclaje robustos.<\/p>\n<p>&nbsp;<\/p>\n<p><strong>100 % reciclable y cero residuos en vertederos:<\/strong> Mejorar la separaci\u00f3n, la recuperaci\u00f3n de energ\u00eda y las pr\u00e1cticas de econom\u00eda circular.<\/p>\n\n                <\/div>\n                          <\/div>\n          <\/article>\n                  <article class=\"bg-gray-0 shadow-c1 flex flex-col overflow-hidden rounded-lg p-2 xl:flex-row\">\n                          <div class=\"relative h-[249px] lg:h-auto xl:max-w-[405px]\">\n                <img decoding=\"async\" class=\"h-full w-full rounded-[10px] object-cover\" src=\"https:\/\/thegbfoodseurope.com\/app\/uploads\/2025\/12\/gfdhbfdghrt.webp\" alt=\"\" \/>\n                                  <p class=\"font-apex absolute inset-x-6 bottom-6 text-[32px] font-bold leading-none text-white md:inset-x-4 lg:text-4xl\">\n                    Energ\u00eda\n                  <\/p>\n                              <\/div>\n                        <div class=\"px-4 py-6 md:w-full md:p-6 xl:py-8 xl:pl-10 xl:pr-8\">\n                                                          <div class=\"font-apex wysiwyg text-base text-gray-500 md:text-lg\">\n                  <p>Para 2035 todas las f\u00e1bricas europeas tendr\u00e1n cero emisiones netas. Ya hemos logrado el 100 % de electricidad verde y estamos desarrollando programas de eficiencia energ\u00e9tica en todas las plantas: <\/p>\n<p><strong>Gesti\u00f3n energ\u00e9tica:<\/strong> Iniciativas alineadas con los programas de f\u00e1bricas digitales para optimizar las operaciones.<\/p>\n<p><strong>Transici\u00f3n a las energ\u00edas renovables:<\/strong> Integraci\u00f3n de la energ\u00eda solar, la biomasa, la electrificaci\u00f3n y otras fuentes renovables.<\/p>\n\n                <\/div>\n                          <\/div>\n          <\/article>\n                  <article class=\"bg-gray-0 shadow-c1 flex flex-col overflow-hidden rounded-lg p-2 xl:flex-row\">\n                          <div class=\"relative h-[249px] lg:h-auto xl:max-w-[405px]\">\n                <img decoding=\"async\" class=\"h-full w-full rounded-[10px] object-cover\" src=\"https:\/\/thegbfoodseurope.com\/app\/uploads\/2025\/12\/jgmhgjfgd.webp\" alt=\"\" \/>\n                                  <p class=\"font-apex absolute inset-x-6 bottom-6 text-[32px] font-bold leading-none text-white md:inset-x-4 lg:text-4xl\">\n                    Envasado\n                  <\/p>\n                              <\/div>\n                        <div class=\"px-4 py-6 md:w-full md:p-6 xl:py-8 xl:pl-10 xl:pr-8\">\n                                                          <div class=\"font-apex wysiwyg text-base text-gray-500 md:text-lg\">\n                  <p>Para 2035 pretendemos lograr un envasado 100 % reciclable o reutilizable, incluir al menos un 30 % de contenido reciclado cuando sea posible y reducir continuamente los materiales para minimizar el impacto medioambiental:<\/p>\n<p><strong>Dise\u00f1o para el reciclaje:<\/strong> Uso de formatos de un solo material y totalmente reciclables.<\/p>\n<p><strong>Contenido circular y reciclado:<\/strong> \u2265\u226530 % de contenido reciclado en l\u00edneas clave.<br \/>\n<br \/><strong>Reducci\u00f3n de materiales:<\/strong> Formatos ligeros y optimizados para reducir las emisiones. <\/p>\n\n                <\/div>\n                          <\/div>\n          <\/article>\n                  <article class=\"bg-gray-0 shadow-c1 flex flex-col overflow-hidden rounded-lg p-2 xl:flex-row\">\n                          <div class=\"relative h-[249px] lg:h-auto xl:max-w-[405px]\">\n                <img decoding=\"async\" class=\"h-full w-full rounded-[10px] object-cover\" src=\"https:\/\/thegbfoodseurope.com\/app\/uploads\/2025\/12\/fdfsdgsfhf.webp\" alt=\"\" \/>\n                                  <p class=\"font-apex absolute inset-x-6 bottom-6 text-[32px] font-bold leading-none text-white md:inset-x-4 lg:text-4xl\">\n                    Gobernanza, asociaciones y promoci\u00f3n\n                  <\/p>\n                              <\/div>\n                        <div class=\"px-4 py-6 md:w-full md:p-6 xl:py-8 xl:pl-10 xl:pr-8\">\n                                                          <div class=\"font-apex wysiwyg text-base text-gray-500 md:text-lg\">\n                  <p>Nuestra estrategia de sostenibilidad se rige por marcos de gobernanza, colaboraci\u00f3n interfuncional y asociaciones con proveedores, organismos industriales e instituciones de investigaci\u00f3n.<\/p>\n\n                <\/div>\n                          <\/div>\n          <\/article>\n                  <\/div>\n  <\/div>\n<\/section>\n\n\n<section class=\"container-fluid pb-10 pt-[56px] sm:pb-[60px] sm:pt-[60px] md:pt-[80px] lg:pb-[70px] lg:pt-[110px]\"  id=\"avance\" >\n  <div class=\"mb-6 flex items-center justify-between md:mb-8\">\n    <div class=\"flex flex-col\">\n      <div class=\"w-full max-w-[798px]\">\n        <p class=\"Accent_Text_1 font-marydale pb-2 text-orange-400\">\n          Nuestros avances\n        <\/p>\n        <h2 class=\"heading_2 font-apex text-gray-500\">\n          Estamos logrando resultados reales\n        <\/h2>\n      <\/div>\n          <\/div>\n  <\/div>\n  <div class=\"grid grid-cols-1 gap-6 md:grid-cols-2 md:gap-8\">\n    <div>\n              \n                  <img decoding=\"async\" class=\"aspect-[628\/411] w-full rounded-xl object-cover\" src=\"https:\/\/thegbfoodseurope.com\/app\/uploads\/2025\/12\/environment-photo.webp\" alt=\"\" \/>\n                  <\/div>\n    <div class=\"flex flex-col items-start gap-8\">\n      <div class=\"flex flex-col items-start gap-4\">\n        <h3 class=\"heading_3 font-apex text-gray-500\"><\/h3>\n        <div class=\"font-apex text-base text-gray-500 max-md:leading-[22px] md:text-lg lg:text-xl\">\n          <p>Desde 2020 hemos reducido el consumo de energ\u00eda en un 39 % y el 98 % de la electricidad que se utiliza en todas nuestras f\u00e1bricas europeas procede ya de fuentes renovables. Adem\u00e1s, los paneles solares instalados en nuestras f\u00e1bricas suministran ahora el 12 % de nuestras necesidades energ\u00e9ticas totales. En 2024 nuestra f\u00e1brica de Alca\u00f1iz (Espa\u00f1a) se convirti\u00f3 en nuestra primera planta neutra en carbono.  <\/p>\n<p>&nbsp;<\/p>\n<p>En lo que respecta a los ingredientes, en 2024 redujimos el contenido de carne en los guisos Erasco en un 23 %, lo que supuso una disminuci\u00f3n de las emisiones de CO\u2082 en Alemania del 30 %. Tambi\u00e9n estamos avanzando en la recolecta sostenible y las pr\u00e1cticas de agricultura regenerativa para ingredientes clave, como la albahaca utilizada en nuestro pesto Tigullio (Italia).<br \/>\nHemos logrado que el 93 % de nuestros envases sean reciclables adem\u00e1s de una reducci\u00f3n del 10 % en el vidrio de los tarros de pesto Tigullio (Italia) y la introducci\u00f3n de un 25 % de PET reciclado en las sopas Liebig (Francia y B\u00e9lgica). <\/p>\n<p>&nbsp;<\/p>\n<p><a href=\"https:\/\/thegbfoodseurope.com\/app\/uploads\/2026\/02\/THE-GB-FOODS-SA-ISO14001-Multisite-certificate-Valid-until-13062028_LR.pdf\" target=\"_blank\" rel=\"noopener\" style=\"text-decoration:underline;color:#fe5000;\">Download ISO certificate<\/a><br \/>\n<a href=\"https:\/\/thegbfoodseurope.com\/app\/uploads\/2026\/02\/Environmental-policy-extract-multiple-languages.pdf\" target=\"_blank\" rel=\"noopener\" style=\"text-decoration:underline;color:#fe5000;\">Download Environmental Policy Extract<\/a><\/p>\n<p>&nbsp;<\/p>\n<p>Para m\u00e1s informaci\u00f3n, consulta el informe completo:<\/p>\n\n        <\/div>\n      <\/div>\n\n              <a class=\"font-apex flex cursor-pointer items-center justify-center rounded-full bg-gray-100 px-6 pb-3 pt-4 text-lg font-medium text-gray-500 transition duration-300 ease-in-out hover:bg-orange-400 hover:text-white md:font-normal\"\n          href=\"https:\/\/thegbfoodseurope.com\/app\/uploads\/2025\/12\/GBfoods-Europe-Impact-Report-2024.pdf\" target=\"\">\n          Informe de impacto 2024\n        <\/a>\n          <\/div>\n  <\/div>\n<\/section>\n","protected":false},"excerpt":{"rendered":"","protected":false},"author":1,"featured_media":0,"parent":3534,"menu_order":0,"comment_status":"closed","ping_status":"closed","template":"","meta":{"_acf_changed":false,"footnotes":""},"class_list":["post-3585","page","type-page","status-publish","hentry"],"acf":[],"yoast_head":"<!-- This site is optimized with the Yoast SEO plugin v26.9 - https:\/\/yoast.com\/product\/yoast-seo-wordpress\/ -->\n<title>Medio ambiente - gbfoods<\/title>\n<meta name=\"robots\" content=\"index, follow, max-snippet:-1, max-image-preview:large, max-video-preview:-1\" \/>\n<link rel=\"canonical\" href=\"https:\/\/thegbfoodseurope.com\/es\/nuestro-compromiso\/medio-ambiente\/\" \/>\n<meta property=\"og:locale\" content=\"es_ES\" \/>\n<meta property=\"og:type\" content=\"article\" \/>\n<meta property=\"og:title\" content=\"Medio ambiente - gbfoods\" \/>\n<meta property=\"og:url\" content=\"https:\/\/thegbfoodseurope.com\/es\/nuestro-compromiso\/medio-ambiente\/\" \/>\n<meta property=\"og:site_name\" content=\"gbfoods\" \/>\n<meta property=\"article:modified_time\" content=\"2026-02-12T11:38:14+00:00\" \/>\n<meta name=\"twitter:card\" content=\"summary_large_image\" \/>\n<meta name=\"twitter:label1\" content=\"Est. reading time\" \/>\n\t<meta name=\"twitter:data1\" content=\"5 minutes\" \/>\n<script type=\"application\/ld+json\" class=\"yoast-schema-graph\">{\"@context\":\"https:\/\/schema.org\",\"@graph\":[{\"@type\":\"WebPage\",\"@id\":\"https:\/\/thegbfoodseurope.com\/es\/nuestro-compromiso\/medio-ambiente\/\",\"url\":\"https:\/\/thegbfoodseurope.com\/es\/nuestro-compromiso\/medio-ambiente\/\",\"name\":\"Medio ambiente - gbfoods\",\"isPartOf\":{\"@id\":\"https:\/\/thegbfoodseurope.com\/#website\"},\"datePublished\":\"2025-11-04T15:38:27+00:00\",\"dateModified\":\"2026-02-12T11:38:14+00:00\",\"breadcrumb\":{\"@id\":\"https:\/\/thegbfoodseurope.com\/es\/nuestro-compromiso\/medio-ambiente\/#breadcrumb\"},\"inLanguage\":\"es-ES\",\"potentialAction\":[{\"@type\":\"ReadAction\",\"target\":[\"https:\/\/thegbfoodseurope.com\/es\/nuestro-compromiso\/medio-ambiente\/\"]}]},{\"@type\":\"BreadcrumbList\",\"@id\":\"https:\/\/thegbfoodseurope.com\/es\/nuestro-compromiso\/medio-ambiente\/#breadcrumb\",\"itemListElement\":[{\"@type\":\"ListItem\",\"position\":1,\"name\":\"Home\",\"item\":\"https:\/\/thegbfoodseurope.com\/es\/\"},{\"@type\":\"ListItem\",\"position\":2,\"name\":\"Nuestro compromiso\",\"item\":\"https:\/\/thegbfoodseurope.com\/sustainability-journey\/\"},{\"@type\":\"ListItem\",\"position\":3,\"name\":\"Medio ambiente\"}]},{\"@type\":\"WebSite\",\"@id\":\"https:\/\/thegbfoodseurope.com\/#website\",\"url\":\"https:\/\/thegbfoodseurope.com\/\",\"name\":\"gbfoods\",\"description\":\"\",\"potentialAction\":[{\"@type\":\"SearchAction\",\"target\":{\"@type\":\"EntryPoint\",\"urlTemplate\":\"https:\/\/thegbfoodseurope.com\/?s={search_term_string}\"},\"query-input\":{\"@type\":\"PropertyValueSpecification\",\"valueRequired\":true,\"valueName\":\"search_term_string\"}}],\"inLanguage\":\"es-ES\"}]}<\/script>\n<!-- \/ Yoast SEO plugin. -->","yoast_head_json":{"title":"Medio ambiente - gbfoods","robots":{"index":"index","follow":"follow","max-snippet":"max-snippet:-1","max-image-preview":"max-image-preview:large","max-video-preview":"max-video-preview:-1"},"canonical":"https:\/\/thegbfoodseurope.com\/es\/nuestro-compromiso\/medio-ambiente\/","og_locale":"es_ES","og_type":"article","og_title":"Medio ambiente - gbfoods","og_url":"https:\/\/thegbfoodseurope.com\/es\/nuestro-compromiso\/medio-ambiente\/","og_site_name":"gbfoods","article_modified_time":"2026-02-12T11:38:14+00:00","twitter_card":"summary_large_image","twitter_misc":{"Est. reading time":"5 minutes"},"schema":{"@context":"https:\/\/schema.org","@graph":[{"@type":"WebPage","@id":"https:\/\/thegbfoodseurope.com\/es\/nuestro-compromiso\/medio-ambiente\/","url":"https:\/\/thegbfoodseurope.com\/es\/nuestro-compromiso\/medio-ambiente\/","name":"Medio ambiente - gbfoods","isPartOf":{"@id":"https:\/\/thegbfoodseurope.com\/#website"},"datePublished":"2025-11-04T15:38:27+00:00","dateModified":"2026-02-12T11:38:14+00:00","breadcrumb":{"@id":"https:\/\/thegbfoodseurope.com\/es\/nuestro-compromiso\/medio-ambiente\/#breadcrumb"},"inLanguage":"es-ES","potentialAction":[{"@type":"ReadAction","target":["https:\/\/thegbfoodseurope.com\/es\/nuestro-compromiso\/medio-ambiente\/"]}]},{"@type":"BreadcrumbList","@id":"https:\/\/thegbfoodseurope.com\/es\/nuestro-compromiso\/medio-ambiente\/#breadcrumb","itemListElement":[{"@type":"ListItem","position":1,"name":"Home","item":"https:\/\/thegbfoodseurope.com\/es\/"},{"@type":"ListItem","position":2,"name":"Nuestro compromiso","item":"https:\/\/thegbfoodseurope.com\/sustainability-journey\/"},{"@type":"ListItem","position":3,"name":"Medio ambiente"}]},{"@type":"WebSite","@id":"https:\/\/thegbfoodseurope.com\/#website","url":"https:\/\/thegbfoodseurope.com\/","name":"gbfoods","description":"","potentialAction":[{"@type":"SearchAction","target":{"@type":"EntryPoint","urlTemplate":"https:\/\/thegbfoodseurope.com\/?s={search_term_string}"},"query-input":{"@type":"PropertyValueSpecification","valueRequired":true,"valueName":"search_term_string"}}],"inLanguage":"es-ES"}]}},"_links":{"self":[{"href":"https:\/\/thegbfoodseurope.com\/es\/wp-json\/wp\/v2\/pages\/3585","targetHints":{"allow":["GET"]}}],"collection":[{"href":"https:\/\/thegbfoodseurope.com\/es\/wp-json\/wp\/v2\/pages"}],"about":[{"href":"https:\/\/thegbfoodseurope.com\/es\/wp-json\/wp\/v2\/types\/page"}],"author":[{"embeddable":true,"href":"https:\/\/thegbfoodseurope.com\/es\/wp-json\/wp\/v2\/users\/1"}],"replies":[{"embeddable":true,"href":"https:\/\/thegbfoodseurope.com\/es\/wp-json\/wp\/v2\/comments?post=3585"}],"version-history":[{"count":3,"href":"https:\/\/thegbfoodseurope.com\/es\/wp-json\/wp\/v2\/pages\/3585\/revisions"}],"predecessor-version":[{"id":5564,"href":"https:\/\/thegbfoodseurope.com\/es\/wp-json\/wp\/v2\/pages\/3585\/revisions\/5564"}],"up":[{"embeddable":true,"href":"https:\/\/thegbfoodseurope.com\/es\/wp-json\/wp\/v2\/pages\/3534"}],"wp:attachment":[{"href":"https:\/\/thegbfoodseurope.com\/es\/wp-json\/wp\/v2\/media?parent=3585"}],"curies":[{"name":"wp","href":"https:\/\/api.w.org\/{rel}","templated":true}]}}