{"id":3758,"date":"2025-12-06T07:48:29","date_gmt":"2025-12-06T07:48:29","guid":{"rendered":"https:\/\/thegbfoodseurope.com\/ethische-verpflichtung\/"},"modified":"2026-02-13T10:20:12","modified_gmt":"2026-02-13T10:20:12","slug":"ethische-verpflichtung","status":"publish","type":"page","link":"https:\/\/thegbfoodseurope.com\/de\/ethische-verpflichtung\/","title":{"rendered":"Ethische Verpflichtung"},"content":{"rendered":"\n<h2 class=\"wp-block-heading\">Unsere ethische Verpflichtung<\/h2>\n\n\n\n<p>GBfoods Europe m\u00f6chte die einzelnen lokalen Communitys, zu denen wir geh\u00f6ren, st\u00e4rken und deren authentischen Geschmacksnoten herausarbeiten. Dies bedeutet, dass unsere Produkte zum t\u00e4glichen Leben von Millionen Menschen weltweit geh\u00f6ren. Das ist f\u00fcr uns nicht nur eine gro\u00dfe Ehre, sondern auch eine ebenso gro\u00dfe Verantwortung. <\/p>\n\n\n\n<p>Wir sind ehrlich \u00fcberzeugt, dass unsere Worte, unsere Taten und unser Verhalten etwas bewirken k\u00f6nnen. Daher haben wir als Gruppe in unserem Verhaltenskodex Prinzipien und Regeln festgelegt, um zu gew\u00e4hrleisten, dass wir in unserem Verhalten und unserer gesch\u00e4ftlichen T\u00e4tigkeit einen hohen Standard einhalten.<\/p>\n\n\n\n<p>Der Kodex ist der Eckstein der <strong>Ethik-Kultur unseres Unternehmens<\/strong> und dient als Grundlage f\u00fcr die zentralen Richtlinien, Verfahrensweisen und Leitlinien von GBfoods, die jeweils weitere Hilfestellung zu erwartetem Verhalten bieten.<\/p>\n\n\n\n<h2 class=\"wp-block-heading\">Unser Compliance-Ansatz<\/h2>\n\n\n\n<p>Compliance-Aktivit\u00e4ten sind in unsere Standardverfahren integriert und Compliance-Ergebnisse werden an unser <strong>Ethics and Compliance Committee<\/strong> und die Leitungsorgane gemeldet.<\/p>\n\n\n\n<p>Das Legal Team von GBfoods, unterst\u00fctzt durch das Internal Control &amp; Internal Audit Teams, \u00fcberwacht regelm\u00e4\u00dfig etwaige \u00c4nderungen an Gesetzen und Vorschriften, um unsere fortlaufende Compliance zu gew\u00e4hrleisten.<\/p>\n\n\n\n<h2 class=\"wp-block-heading\">Unser Verhaltenskodex<\/h2>\n\n\n\n<p>Der GBfoods-Verhaltenskodex umrei\u00dft die <strong>ethischen Verpflichtungen und Verantwortlichkeiten<\/strong>, die von den Mitarbeitenden von GBfoods \u00fcbernommen werden und die f\u00fcr sie alle im Rahmen des Gesch\u00e4ftsbetriebs und bei ihrer Arbeit gelten.<\/p>\n\n\n\n<p>Die Prinzipien dieses Verhaltenskodex sind an unserem <strong>Zweck <\/strong>und unseren <strong>Werten <\/strong>orientiert und bieten Beispiele der<strong> allgemeinen einzuhaltenden Verpflichtungen <\/strong>im Hinblick auf Ehrlichkeit, Flei\u00df, Treue, Integrit\u00e4t, Transparenz und gegenseitigen Respekt.<\/p>\n\n\n\n<p><a href=\"https:\/\/thegbfoodseurope.com\/app\/uploads\/2025\/12\/Business-Partner-Code-of-Conduct_DE.pdf\">hier <\/a><\/p>\n\n\n\n<h2 class=\"wp-block-heading\">Unser Raise your Hand-Kanal<\/h2>\n\n\n\n<p>Damit jeder Verdacht eines Versto\u00dfes gegen geltende Gesetze und Vorschriften oder gegen unseren Verhaltenskodex gemeldet werden kann, hat GBfoods einen Unternehmenskanal, in dem Hinweise auf Verst\u00f6\u00dfe gegen die Vorschriften gemeldet werden k\u00f6nnen, entweder namentlich oder anonym. Der Kanal ist \u00fcber folgende Kan\u00e4le zug\u00e4nglich: <\/p>\n\n\n\n<ul class=\"wp-block-list\">\n<li>Die Raise your Hand-Website (<a href=\"https:\/\/thegbfoods.integrityline.com\/frontpage\" target=\"_blank\" rel=\"noreferrer noopener\">https:\/\/thegbfoods.integrityline.com\/frontpage<\/a>), die Vertraulichkeit und Anonymit\u00e4t gew\u00e4hrleistet und eine sichere Kommunikationsverbindung schafft<\/li>\n\n\n\n<li>Alternativ k\u00f6nnen Sie eine E-Mail an <a href=\"mailto:codeofconduct@thegbfoods.com\">codeofconduct@thegbfoods.com<\/a> senden<\/li>\n<\/ul>\n\n\n\n<p><\/p>\n\n\n\n<p>GBfoods-Mitglieder k\u00f6nnen auch die physischen Briefk\u00e4sten in unseren Fabriken und Lagern nutzen oder sich an eines der Mitglieder des Ethik- und Compliance-Ausschusses wenden, die sie beraten und das Anliegen bei Bedarf weiterleiten.<\/p>\n\n\n\n<p>GBfoods sch\u00fctzt jeden, der ein echtes Anliegen meldet, vor jeglicher Form von Vergeltung, Diskriminierung oder Strafen. Die bereitgestellten Informationen werden streng vertraulich behandelt und gem\u00e4\u00df den Bestimmungen der \u201eRaise your Hand channel Policy\u201c von GBfoods angemessen untersucht. <\/p>\n\n\n\n<h2 class=\"wp-block-heading\">Unser Verhaltenskodex f\u00fcr Lieferanten<\/h2>\n\n\n\n<p>Die Gruppe hat auch den <strong><a href=\"https:\/\/thegbfoodseurope.com\/de\/verhaltenskodex-fuer-geschaeftspartner\/\">GBfoods-Verhaltenskodex f\u00fcr Lieferanten<\/a><\/strong> aufgestellt und eingef\u00fchrt, der alle wesentlichen <strong>Prinzipien und Werte enth\u00e4lt, nach denen sich die Beziehung zwischen den Lieferanten f\u00fcr Waren und Dienstleistungen und deren Auftragnehmern richten m\u00fcssen<\/strong>, und die Unternehmen und Mitarbeitenden unserer Gruppe m\u00fcssen die Menschenrechte und die Arbeitnehmerrechte im Blick behalten und respektieren.<br><\/p>\n\n\n\n<p>Unser Verhaltenskodex f\u00fcr Lieferanten orientiert sich an den Best Practice-Leitlinien der OECD f\u00fcr multinationale Unternehmen und am GBfoods-Verhaltenskodex.<\/p>\n\n\n\n<style>\n.text-base, p, #cookie-policy-description{text-align:justify !important;}\n#cookie-policy-description, p{line-height:1.5 !important;}\np a, section.container-fluid a{text-decoration:underline!important;color:#fe5000!important;}\n<\/style>\n","protected":false},"excerpt":{"rendered":"<p>Unsere ethische Verpflichtung GBfoods Europe m\u00f6chte die einzelnen lokalen Communitys, zu denen wir geh\u00f6ren, st\u00e4rken und deren authentischen Geschmacksnoten herausarbeiten. Dies bedeutet, dass unsere Produkte zum t\u00e4glichen Leben von Millionen Menschen weltweit geh\u00f6ren. Das ist f\u00fcr uns nicht nur eine gro\u00dfe Ehre, sondern auch eine ebenso gro\u00dfe Verantwortung. Wir sind ehrlich \u00fcberzeugt, dass unsere Worte, &hellip; <a href=\"https:\/\/thegbfoodseurope.com\/de\/ethische-verpflichtung\/\">Continued<\/a><\/p>\n","protected":false},"author":1,"featured_media":0,"parent":0,"menu_order":0,"comment_status":"closed","ping_status":"closed","template":"template-legal.blade.php","meta":{"_acf_changed":false,"footnotes":""},"class_list":["post-3758","page","type-page","status-publish","hentry"],"acf":[],"yoast_head":"<!-- This site is optimized with the Yoast SEO plugin v26.9 - https:\/\/yoast.com\/product\/yoast-seo-wordpress\/ -->\n<title>Ethische Verpflichtung - gbfoods<\/title>\n<meta name=\"robots\" content=\"index, follow, max-snippet:-1, max-image-preview:large, max-video-preview:-1\" \/>\n<link rel=\"canonical\" href=\"https:\/\/thegbfoodseurope.com\/de\/ethische-verpflichtung\/\" \/>\n<meta property=\"og:locale\" content=\"de_DE\" \/>\n<meta property=\"og:type\" content=\"article\" \/>\n<meta property=\"og:title\" content=\"Ethische Verpflichtung - gbfoods\" \/>\n<meta property=\"og:description\" content=\"Unsere ethische Verpflichtung GBfoods Europe m\u00f6chte die einzelnen lokalen Communitys, zu denen wir geh\u00f6ren, st\u00e4rken und deren authentischen Geschmacksnoten herausarbeiten. Dies bedeutet, dass unsere Produkte zum t\u00e4glichen Leben von Millionen Menschen weltweit geh\u00f6ren. Das ist f\u00fcr uns nicht nur eine gro\u00dfe Ehre, sondern auch eine ebenso gro\u00dfe Verantwortung. Wir sind ehrlich \u00fcberzeugt, dass unsere Worte, &hellip; Continued\" \/>\n<meta property=\"og:url\" content=\"https:\/\/thegbfoodseurope.com\/de\/ethische-verpflichtung\/\" \/>\n<meta property=\"og:site_name\" content=\"gbfoods\" \/>\n<meta property=\"article:modified_time\" content=\"2026-02-13T10:20:12+00:00\" \/>\n<meta name=\"twitter:card\" content=\"summary_large_image\" \/>\n<meta name=\"twitter:label1\" content=\"Est. reading time\" \/>\n\t<meta name=\"twitter:data1\" content=\"2 minutes\" \/>\n<script type=\"application\/ld+json\" class=\"yoast-schema-graph\">{\"@context\":\"https:\/\/schema.org\",\"@graph\":[{\"@type\":\"WebPage\",\"@id\":\"https:\/\/thegbfoodseurope.com\/de\/ethische-verpflichtung\/\",\"url\":\"https:\/\/thegbfoodseurope.com\/de\/ethische-verpflichtung\/\",\"name\":\"Ethische Verpflichtung - gbfoods\",\"isPartOf\":{\"@id\":\"https:\/\/thegbfoodseurope.com\/#website\"},\"datePublished\":\"2025-12-06T07:48:29+00:00\",\"dateModified\":\"2026-02-13T10:20:12+00:00\",\"breadcrumb\":{\"@id\":\"https:\/\/thegbfoodseurope.com\/de\/ethische-verpflichtung\/#breadcrumb\"},\"inLanguage\":\"de-DE\",\"potentialAction\":[{\"@type\":\"ReadAction\",\"target\":[\"https:\/\/thegbfoodseurope.com\/de\/ethische-verpflichtung\/\"]}]},{\"@type\":\"BreadcrumbList\",\"@id\":\"https:\/\/thegbfoodseurope.com\/de\/ethische-verpflichtung\/#breadcrumb\",\"itemListElement\":[{\"@type\":\"ListItem\",\"position\":1,\"name\":\"Home\",\"item\":\"https:\/\/thegbfoodseurope.com\/de\/\"},{\"@type\":\"ListItem\",\"position\":2,\"name\":\"Ethische Verpflichtung\"}]},{\"@type\":\"WebSite\",\"@id\":\"https:\/\/thegbfoodseurope.com\/#website\",\"url\":\"https:\/\/thegbfoodseurope.com\/\",\"name\":\"gbfoods\",\"description\":\"\",\"potentialAction\":[{\"@type\":\"SearchAction\",\"target\":{\"@type\":\"EntryPoint\",\"urlTemplate\":\"https:\/\/thegbfoodseurope.com\/?s={search_term_string}\"},\"query-input\":{\"@type\":\"PropertyValueSpecification\",\"valueRequired\":true,\"valueName\":\"search_term_string\"}}],\"inLanguage\":\"de-DE\"}]}<\/script>\n<!-- \/ Yoast SEO plugin. -->","yoast_head_json":{"title":"Ethische Verpflichtung - gbfoods","robots":{"index":"index","follow":"follow","max-snippet":"max-snippet:-1","max-image-preview":"max-image-preview:large","max-video-preview":"max-video-preview:-1"},"canonical":"https:\/\/thegbfoodseurope.com\/de\/ethische-verpflichtung\/","og_locale":"de_DE","og_type":"article","og_title":"Ethische Verpflichtung - gbfoods","og_description":"Unsere ethische Verpflichtung GBfoods Europe m\u00f6chte die einzelnen lokalen Communitys, zu denen wir geh\u00f6ren, st\u00e4rken und deren authentischen Geschmacksnoten herausarbeiten. Dies bedeutet, dass unsere Produkte zum t\u00e4glichen Leben von Millionen Menschen weltweit geh\u00f6ren. Das ist f\u00fcr uns nicht nur eine gro\u00dfe Ehre, sondern auch eine ebenso gro\u00dfe Verantwortung. Wir sind ehrlich \u00fcberzeugt, dass unsere Worte, &hellip; Continued","og_url":"https:\/\/thegbfoodseurope.com\/de\/ethische-verpflichtung\/","og_site_name":"gbfoods","article_modified_time":"2026-02-13T10:20:12+00:00","twitter_card":"summary_large_image","twitter_misc":{"Est. reading time":"2 minutes"},"schema":{"@context":"https:\/\/schema.org","@graph":[{"@type":"WebPage","@id":"https:\/\/thegbfoodseurope.com\/de\/ethische-verpflichtung\/","url":"https:\/\/thegbfoodseurope.com\/de\/ethische-verpflichtung\/","name":"Ethische Verpflichtung - gbfoods","isPartOf":{"@id":"https:\/\/thegbfoodseurope.com\/#website"},"datePublished":"2025-12-06T07:48:29+00:00","dateModified":"2026-02-13T10:20:12+00:00","breadcrumb":{"@id":"https:\/\/thegbfoodseurope.com\/de\/ethische-verpflichtung\/#breadcrumb"},"inLanguage":"de-DE","potentialAction":[{"@type":"ReadAction","target":["https:\/\/thegbfoodseurope.com\/de\/ethische-verpflichtung\/"]}]},{"@type":"BreadcrumbList","@id":"https:\/\/thegbfoodseurope.com\/de\/ethische-verpflichtung\/#breadcrumb","itemListElement":[{"@type":"ListItem","position":1,"name":"Home","item":"https:\/\/thegbfoodseurope.com\/de\/"},{"@type":"ListItem","position":2,"name":"Ethische Verpflichtung"}]},{"@type":"WebSite","@id":"https:\/\/thegbfoodseurope.com\/#website","url":"https:\/\/thegbfoodseurope.com\/","name":"gbfoods","description":"","potentialAction":[{"@type":"SearchAction","target":{"@type":"EntryPoint","urlTemplate":"https:\/\/thegbfoodseurope.com\/?s={search_term_string}"},"query-input":{"@type":"PropertyValueSpecification","valueRequired":true,"valueName":"search_term_string"}}],"inLanguage":"de-DE"}]}},"_links":{"self":[{"href":"https:\/\/thegbfoodseurope.com\/de\/wp-json\/wp\/v2\/pages\/3758","targetHints":{"allow":["GET"]}}],"collection":[{"href":"https:\/\/thegbfoodseurope.com\/de\/wp-json\/wp\/v2\/pages"}],"about":[{"href":"https:\/\/thegbfoodseurope.com\/de\/wp-json\/wp\/v2\/types\/page"}],"author":[{"embeddable":true,"href":"https:\/\/thegbfoodseurope.com\/de\/wp-json\/wp\/v2\/users\/1"}],"replies":[{"embeddable":true,"href":"https:\/\/thegbfoodseurope.com\/de\/wp-json\/wp\/v2\/comments?post=3758"}],"version-history":[{"count":5,"href":"https:\/\/thegbfoodseurope.com\/de\/wp-json\/wp\/v2\/pages\/3758\/revisions"}],"predecessor-version":[{"id":5638,"href":"https:\/\/thegbfoodseurope.com\/de\/wp-json\/wp\/v2\/pages\/3758\/revisions\/5638"}],"wp:attachment":[{"href":"https:\/\/thegbfoodseurope.com\/de\/wp-json\/wp\/v2\/media?parent=3758"}],"curies":[{"name":"wp","href":"https:\/\/api.w.org\/{rel}","templated":true}]}}