{"id":3651,"date":"2025-11-03T12:03:16","date_gmt":"2025-11-03T12:03:16","guid":{"rendered":"https:\/\/thegbfoodseurope.com\/ddatenschutzrichtlinie\/"},"modified":"2026-02-13T10:23:30","modified_gmt":"2026-02-13T10:23:30","slug":"ddatenschutzrichtlinie","status":"publish","type":"page","link":"https:\/\/thegbfoodseurope.com\/de\/ddatenschutzrichtlinie\/","title":{"rendered":"Datenschutzrichtlinie"},"content":{"rendered":"\n<p>Bei <a>The GB Foods Europa, S.L.U. <\/a>messen wir den geltenden Vorschriften und gesetzlichen Regelungen im Bereich Datenschutz und Privatsph\u00e4re gro\u00dfe Bedeutung bei. Der Schutz der Sicherheit, Integrit\u00e4t und Vertraulichkeit der Informationen unserer Nutzer ist f\u00fcr uns von h\u00f6chster Wichtigkeit. Daher m\u00f6chten wir in dieser Hinsicht verantwortungsbewusst handeln. <\/p>\n\n\n\n<p>Diese Richtlinie (nachfolgend \u201c<a>Datenschutzrichtlinie<\/a>\u201c) beschreibt die Art der personenbezogenen Daten, die wir erfassen, wie wir sie erhalten, wie wir sie weitergeben und zu welchen Zwecken wir sie verarbeiten. Au\u00dferdem erl\u00e4utert sie die M\u00f6glichkeiten, die dir als Nutzer zur Verf\u00fcgung stehen, um diese Nutzung zu kontrollieren und deine Rechte auszu\u00fcben.<\/p>\n\n\n\n<p>Mit den Begriffen \u201cGBfoods\u201c und \u201cwir\/unser\u201c beziehen wir uns auf <a><strong><strong>The GB Foods Europa, S.L.U.<\/strong><\/strong><\/a> Mit \u201cNutzer\/Nutzerin\/Nutzer:innen\u201c meinen wir jede Person, die auf diese Website zugreift und\/oder sie nutzt.<\/p>\n\n\n\n<h2 class=\"wp-block-heading\">Geltungsbereich der Datenschutzinformationen<\/h2>\n\n\n\n<p>Diese Datenschutzrichtlinie gilt f\u00fcr personenbezogene Daten, die GBfoods von unseren Kunden, Lieferanten, Informationsanfragenden, Bewerber:innen f\u00fcr Arbeitsstellen und gegebenenfalls von Nutzer:innen unserer Website oder Dritten, mit denen wir in Beziehung stehen, erhebt.<\/p>\n\n\n\n<p>Dies umfasst sowohl online als auch offline erhobene Informationen, Direktmarketingkampagnen, Kongresse und Online-Veranstaltungen \u00fcber unsere Websites.<\/p>\n\n\n\n<p>Bei Fragen oder Zweifeln hinsichtlich der Verarbeitung und des Schutzes deiner personenbezogenen Daten kannst du dich gerne an uns wenden, indem du uns eine E-Mail schreibst an: <a href=\"mailto:dataprivacy@thegbfoods.com\">dataprivacy@thegbfoods.com<\/a><\/p>\n\n\n\n<h2 class=\"wp-block-heading\">Wer ist der Verantwortliche f\u00fcr die Datenverarbeitung?<\/h2>\n\n\n\n<p>Der Verantwortliche f\u00fcr die Verarbeitung deiner Daten ist The GB Foods Europa, S.L.U. Nachfolgend findest du unsere Kontaktdaten.<br>Firmenname: <a>The GB Foods Europa, S.L.U.<\/a><br>Steuernummer (NIF): B67340521<br>Postanschrift: Plaza Europa n. 42, 08902, Hospitalet de Llobregat, Barcelona, Spain<br>Kontakt-E-Mail: <a href=\"mailto:dataprivacy@thegbfoods.com\">dataprivacy@thegbfoods.com<\/a> <\/p>\n\n\n\n<h2 class=\"wp-block-heading\">Welche Informationen erfassen wir, und wie gehen wir dabei vor?<\/h2>\n\n\n\n<p>In dieser Datenschutzrichtlinie bezieht sich \u201cpersonenbezogene Information\u201c auf Daten oder Datenfragmente, die eine Identifizierung deiner Person erm\u00f6glichen k\u00f6nnten.<\/p>\n\n\n\n<p>Im Allgemeinen ist es nicht erforderlich, personenbezogene Daten bereitzustellen, um unsere Website zu besuchen. Dennoch erfassen wir personenbezogene Daten in folgenden F\u00e4llen: <\/p>\n\n\n\n<ul class=\"wp-block-list\">\n<li>Wenn du sie uns \u00fcber die auf unserer Website bereitgestellten <strong>E-Mail-Adressen <\/strong>oder <strong>Kontaktformulare <\/strong>mitteilst. In diesen F\u00e4llen k\u00f6nnen Identifikations- und Kontaktdaten abgefragt werden. <\/li>\n\n\n\n<li>Wenn du sie uns \u00fcber die <strong>Beschwerdeformulare <\/strong>mitteilst, die auf den Websites der Marken unserer Produkte ver\u00f6ffentlicht sind und dazu dienen, Fragen, Beschwerden und Kommentare zu unseren Produkten zu empfangen. Dabei werden die notwendigen personenbezogenen Daten abgefragt, um jede Anfrage, Beschwerde und\/oder jeden Kommentar ordnungsgem\u00e4\u00df zu bearbeiten. Auch hier werden Identifikations- und Kontaktdaten abgefragt.  <\/li>\n\n\n\n<li>Wenn du uns B<strong>ewerbungen f\u00fcr offene Stellen sendest<\/strong>. In diesen F\u00e4llen erfassen wir neben deinen Kontakt- und Identifikationsdaten auch pers\u00f6nliche Merkmale wie Alter sowie akademische und berufliche Informationen, um deine Bewerbung korrekt zu bearbeiten. <\/li>\n\n\n\n<li>Wir erfassen auch Informationen, die dein <strong>Webbrowser beim Besuch <\/strong>unserer Website \u00fcbermittelt, um dein Nutzungsverhalten zu analysieren und die Benutzererfahrung zu verbessern. Dazu geh\u00f6ren unter anderem deine IP-Adresse, Konsumgewohnheiten sowie Informationen \u00fcber deine Vorlieben, Hobbys und Interessen. <\/li>\n\n\n\n<li>Wenn du uns gesch\u00e4ftliche <strong>Kontaktdaten \u00fcber das Unternehmen<\/strong>, die Organisation oder Einrichtung mitteilst, f\u00fcr die du arbeitest oder mit der du zusammenarbeitest. Diese Daten wurden im Rahmen der gesch\u00e4ftlichen oder vertraglichen Beziehungen zwischen dem Unternehmen, der Organisation oder Einrichtung und GBfoods erhoben. <\/li>\n<\/ul>\n\n\n\n<p>Alle \u00fcber die Formulare der Website bereitgestellten personenbezogenen Daten m\u00fcssen wahrheitsgem\u00e4\u00df, authentisch und aktuell sein. Der Nutzer ist allein verantwortlich f\u00fcr falsche oder ungenaue Angaben und f\u00fcr etwaige Sch\u00e4den, die GBfoods dadurch entstehen k\u00f6nnten. Die entsprechend gekennzeichneten Felder sind Pflichtfelder. Wenn diese nicht ausgef\u00fcllt werden, kann GBfoods die jeweilige Anfrage ablehnen. <\/p>\n\n\n\n<h2 class=\"wp-block-heading\">Zu welchen Zwecken verarbeiten wir Ihre personenbezogenen Daten?<\/h2>\n\n\n\n<p>Bei GBfoods verarbeiten wir deine personenbezogenen Daten, solange sie f\u00fcr die folgenden Zwecke erforderlich sind. Anschlie\u00dfend sperren wir deine Daten, um etwaigen rechtlichen Verpflichtungen im Zusammenhang mit der Verarbeitung w\u00e4hrend der geltenden Verj\u00e4hrungsfristen nachkommen zu k\u00f6nnen. Nach Ablauf dieser Fristen werden die Daten endg\u00fcltig gel\u00f6scht.  <\/p>\n\n\n\n<p>Im Folgenden findest du weitere Informationen \u00fcber die Zwecke, zu denen wir deine Daten verarbeiten, wie lange wir sie speichern und auf welcher Rechtsgrundlage wir dazu berechtigt sind:<\/p>\n\n\n\n<ol style=\"list-style-type:lower-roman\" class=\"wp-block-list\">\n<li><strong>Zweck der Verarbeitung:<\/strong> Deine Pr\u00e4ferenzen beim Surfen auf unserer Website kennenzulernen, um unsere Produkte und deine Nutzererfahrung zu personalisieren und zu verbessern. Zu diesem Zweck erstellen wir ein Profil basierend auf deinen Surfgewohnheiten auf unserer Website. Auf Grundlage dieses Profils werden jedoch keine automatisierten Entscheidungen getroffen. Weitere Informationen findest du in unserer Cookie-Richtlinie (Cookie-Richtlinie \u2013 GBFoods). <br><strong>Speicherdauer:<\/strong> Wie in unserer Cookie-Richtlinie angegeben, bis zu maximal 2 Jahre.<br><strong>Rechtsgrundlage der Verarbeitung:<\/strong> Deine zu diesem Zweck erteilte Einwilligung.<br><\/li>\n\n\n\n<li><strong>Zweck der Verarbeitung:<\/strong> Bearbeitung und Verwaltung der Antwort auf deine Informationsanfrage, die \u00fcber die auf unserer Website ver\u00f6ffentlichten E-Mail-Adressen oder das Kontaktformular gesendet wurde.<br><strong>Speicherdauer:<\/strong> Bis zu dem Zeitpunkt, an dem wir deine Anfrage beantwortet haben, sowie f\u00fcr die Dauer, die erforderlich ist, um die entsprechenden gesetzlichen Verpflichtungen zu erf\u00fcllen.<br><strong>Rechtsgrundlage der Verarbeitung:<\/strong> Deine zu diesem Zweck erteilte Einwilligung.<br><\/li>\n\n\n\n<li><strong>Zweck der Verarbeitung:<\/strong> Bearbeitung deiner Bewerbung und Verwaltung aktueller sowie zuk\u00fcnftiger Auswahlverfahren innerhalb des Unternehmens sowie bei den \u00fcbrigen Gesellschaften der GBfoods-Gruppe.<br><strong>Speicherdauer<\/strong>: W\u00e4hrend der Dauer des Auswahlverfahrens, f\u00fcr das du dich beworben hast, und \u2013 sofern du uns deine Einwilligung erteilt hast \u2013 zur Aufnahme in unseren Talentpool f\u00fcr einen Zeitraum von 2 Jahren nach deiner letzten Interaktion mit uns.<br><strong>Rechtsgrundlage der Verarbeitung: <\/strong>Durchf\u00fchrung vorvertraglicher Ma\u00dfnahmen zur Verwaltung des Auswahlverfahrens f\u00fcr Bewerbungen sowie deine ausdr\u00fcckliche Einwilligung zur Verwendung deiner Bewerbung f\u00fcr zuk\u00fcnftige Auswahlverfahren und zur Weitergabe an andere Unternehmen der GBfoods-Gruppe.<br><\/li>\n\n\n\n<li><strong>Zweck der Verarbeitung<\/strong>: Verwaltung der Vertragsbeziehungen mit Lieferanten, einschlie\u00dflich Auftragsabwicklung, Rechnungsstellung, Einhaltung vertraglicher und gesetzlicher Verpflichtungen sowie Verwaltung der beruflichen Kontakte zu Einrichtungen, Organisationen oder Unternehmen und zu den Personen, die f\u00fcr diese t\u00e4tig sind oder mit ihnen zusammenarbeiten, oder zu deren gesetzlichen Vertretern.<br><strong>Speicherdauer<\/strong>: Solange ein Vertragsverh\u00e4ltnis besteht, und danach werden die Daten bis zu 6 Jahre lang gesperrt, um m\u00f6glichen gesetzlichen Verpflichtungen nachzukommen, und solange ein solches berufliches Interesse besteht und kein Widerspruchsrecht ausge\u00fcbt wurde.<br><strong>Rechtsgrundlageder Verarbeitung<\/strong>: Verwaltung des Vertragsverh\u00e4ltnisses mit bestehenden Kontakten und berechtigtes Interesse an der F\u00f6rderung neuer beruflicher Beziehungen mit potenziellen Kooperationspartnern.<br><\/li>\n\n\n\n<li><strong>Zweck der Verarbeitung:<\/strong> Zentrale Verwaltung von Beschwerden \u00fcber die Websites der Marken unserer Produkte.<br><strong>Speicherdauer<\/strong>: Bis zu maximal 5 Jahre ab dem Datum, an dem die Beschwerde in Spanien, Finnland, den Niederlanden, Belgien und Frankreich bearbeitet und abgeschlossen wurde. F\u00fcr einen Zeitraum von 3 Jahren ab dem Ende des Jahres, in dem die Beschwerde in Deutschland abgeschlossen wurde. F\u00fcr einen Zeitraum von 26 Monaten ab dem Verkaufsdatum der Produkte in Italien.  <br><strong>Rechtsgrundlage der Verarbeitung:<\/strong> Berechtigtes Interesse an der Verwaltung der zentralisierten Bearbeitung von Beschwerden.<\/li>\n<\/ol>\n\n\n\n<p><\/p>\n\n\n\n<h2 class=\"wp-block-heading\">Wie gehen wir mit Daten von Minderj\u00e4hrigen um?<\/h2>\n\n\n\n<p>Diese Website richtet sich nicht an Kinder unter 14 Jahren. Daher sollten sie keine personenbezogenen Daten \u00fcbermitteln. Falls GBfoods feststellt, dass versehentlich personenbezogene Daten von Kindern unter 14 Jahren erhoben wurden, werden diese so schnell wie m\u00f6glich gel\u00f6scht. <\/p>\n\n\n\n<p>GBfoods kann jedoch personenbezogene Daten von Kindern unter 14 Jahren erfassen, sofern diese direkt von ihren Eltern oder gesetzlichen Vertretern bereitgestellt werden, d.\u202fh. mit deren ausdr\u00fccklicher Einwilligung.<\/p>\n\n\n\n<h2 class=\"wp-block-heading\">An wen \u00fcbermitteln wir deine Daten?<\/h2>\n\n\n\n<p>Deine Daten werden nicht an Dritte weitergegeben oder auf andere Weise zug\u00e4nglich gemacht, es sei denn (i) GBfoods hat zuvor die entsprechende Einwilligung der Nutzer eingeholt; (ii) die Daten m\u00fcssen aufgrund gesetzlicher Verpflichtungen an \u00f6ffentliche Stellen weitergegeben werden; (iii) die Weitergabe ist erforderlich an Unternehmen, die mit der Verarbeitung deiner personenbezogenen Daten beauftragt sind, wie z.\u202fB. IT-Dienstleister, Website-Anbieter, Rechnungsverarbeitung (Lieferantenmodul), Jobb\u00f6rsenanbieter (Talent Clue), IT-\/CRM-Support (Verbraucherbeschwerden); sowie (iv) an andere Unternehmen der GBfoods-Gruppe, basierend auf dem berechtigten Interesse unserer Unternehmensgruppe zu internen Verwaltungszwecken.    <\/p>\n\n\n\n<p>In diesem Zusammenhang informieren wir dich dar\u00fcber, dass bei der Daten\u00fcbermittlung an Dienstleister und zwischen Unternehmen der GBfoods-Gruppe, die sich au\u00dferhalb des Europ\u00e4ischen Wirtschaftsraums befinden, ein dem DSGVO entsprechendes Schutzniveau gew\u00e4hrleistet wird, da wir die entsprechenden Standardvertragsklauseln abgeschlossen haben. Ebenso stellen wir sicher, dass bei Datenverarbeitern au\u00dferhalb dieses Gebiets entweder eine Angemessenheitsentscheidung der Europ\u00e4ischen Kommission vorliegt oder die entsprechenden Standardvertragsklauseln unterzeichnet wurden. <\/p>\n\n\n\n<p>Wir ergreifen alle angemessenen Vorsichtsma\u00dfnahmen, um deine personenbezogenen Daten sicher zu verwahren, und verlangen von Dritten, die deine Daten verarbeiten oder verwalten, dass sie dies ebenfalls tun.<\/p>\n\n\n\n<h2 class=\"wp-block-heading\">Welche Rechte hast du im Zusammenhang mit der Verarbeitung deiner Daten?<\/h2>\n\n\n\n<p>Du hast das Recht, Informationen \u00fcber die Verarbeitung deiner personenbezogenen Daten durch GBfoods zu erhalten. Im Einzelnen: <\/p>\n\n\n\n<ul class=\"wp-block-list\">\n<li>Du hast das Recht auf Zugang zu deinen personenbezogenen Daten, um zu erfahren, welche Daten wir \u00fcber dich verarbeiten, sowie das Recht, unrichtige Daten berichtigen zu lassen oder, sofern zutreffend, deren L\u00f6schung zu verlangen, insbesondere wenn die Daten f\u00fcr die Zwecke, f\u00fcr die sie erhoben wurden, nicht mehr erforderlich sind.<\/li>\n\n\n\n<li>Unter bestimmten Umst\u00e4nden kannst du die Einschr\u00e4nkung der Verarbeitung deiner Daten verlangen, in diesem Fall werden wir sie nur zur Geltendmachung oder Verteidigung von Rechtsanspr\u00fcchen speichern.<\/li>\n\n\n\n<li>Aus Gr\u00fcnden, die sich aus deiner besonderen Situation ergeben, kannst du unter bestimmten Umst\u00e4nden der Verarbeitung deiner Daten widersprechen. GBfoods wird die Verarbeitung deiner Daten einstellen, es sei denn, es liegen zwingende schutzw\u00fcrdige Gr\u00fcnde vor oder die Verarbeitung dient der Geltendmachung oder Verteidigung von Rechtsanspr\u00fcchen. <\/li>\n\n\n\n<li>Du hast au\u00dferdem das Recht auf Daten\u00fcbertragbarkeit sowie das Recht, nicht einer ausschlie\u00dflich auf automatisierter Verarbeitung beruhenden Entscheidung unterworfen zu werden.<\/li>\n<\/ul>\n\n\n\n<p>Du kannst deine Rechte aus\u00fcben, indem du eine E-Mail mit dem Betreff \u201eDatenschutz\u201c an folgende Adresse sendest dataprivacy@thegbfoods.com, und dabei das auszu\u00fcbende Recht angibst sowie dich eindeutig identifizierst.<\/p>\n\n\n\n<p>Wir werden deine Anfrage so schnell wie m\u00f6glich und in jedem Fall innerhalb eines (1) Monats nach Eingang deiner Anfrage beantworten. In bestimmten F\u00e4llen kann diese Frist um weitere zwei (2) Monate verl\u00e4ngert werden. In diesem Fall wirst du innerhalb eines (1) Monats nach Eingang deiner Anfrage entsprechend informiert. <\/p>\n\n\n\n<p>Wenn du der Meinung bist, dass die Verarbeitung deiner personenbezogenen Daten gegen die Datenschutzvorschriften verst\u00f6\u00dft oder dass wir deine Rechte nicht ordnungsgem\u00e4\u00df gewahrt haben, kannst du eine Beschwerde bei der zust\u00e4ndigen Aufsichtsbeh\u00f6rde einreichen. In jedem Fall erinnern wir dich daran, dass du dich bei Fragen oder Anliegen zur Verarbeitung deiner Daten an unseren Datenschutzbeauftragten unter dataprivacy@thegbfoods.com wenden kannst. <\/p>\n\n\n\n<h2 class=\"wp-block-heading\">Sind Sie berechtigt, Ihr Einverst\u00e4ndnis zur\u00fcckzuziehen?<\/h2>\n\n\n\n<p>Sie k\u00f6nnen Ihre Einwilligung jederzeit mit Wirkung f\u00fcr die Zukunft widerrufen, ohne dass dies sich auf die Rechtm\u00e4\u00dfigkeit der Verarbeitung vor dem Zeitpunkt des Widerrufs auswirkt. <\/p>\n\n\n\n<h2 class=\"wp-block-heading\">Kann diese Datenschutzrichtlinie ge\u00e4ndert werden?<\/h2>\n\n\n\n<p>Unsere Datenschutzrichtlinie kann regelm\u00e4\u00dfig aktualisiert werden. Die jeweils aktuelle Version wird auf unserer Website ver\u00f6ffentlicht. Daher empfehlen wir dir, diese Seite regelm\u00e4\u00dfig zu besuchen. In diesem Zusammenhang werden wir dich \u00fcber besonders relevante \u00c4nderungen informieren und deine Einwilligung f\u00fcr jene Verarbeitungen einholen, die auf dieser Rechtsgrundlage beruhen.  <\/p>\n\n\n\n<p>Letzte Aktualisierung: November 2025<\/p>\n\n\n\n<style>\n.text-base, p, #cookie-policy-description{text-align:justify !important;}\n#cookie-policy-description, p{line-height:1.5 !important;}\np a, section.container-fluid a{text-decoration:underline!important;color:#fe5000!important;}\n<\/style>\n","protected":false},"excerpt":{"rendered":"<p>Bei The GB Foods Europa, S.L.U. messen wir den geltenden Vorschriften und gesetzlichen Regelungen im Bereich Datenschutz und Privatsph\u00e4re gro\u00dfe Bedeutung bei. Der Schutz der Sicherheit, Integrit\u00e4t und Vertraulichkeit der Informationen unserer Nutzer ist f\u00fcr uns von h\u00f6chster Wichtigkeit. Daher m\u00f6chten wir in dieser Hinsicht verantwortungsbewusst handeln. Diese Richtlinie (nachfolgend \u201cDatenschutzrichtlinie\u201c) beschreibt die Art der &hellip; <a href=\"https:\/\/thegbfoodseurope.com\/de\/ddatenschutzrichtlinie\/\">Continued<\/a><\/p>\n","protected":false},"author":1,"featured_media":0,"parent":0,"menu_order":0,"comment_status":"closed","ping_status":"closed","template":"template-legal.blade.php","meta":{"_acf_changed":false,"footnotes":""},"class_list":["post-3651","page","type-page","status-publish","hentry"],"acf":[],"yoast_head":"<!-- This site is optimized with the Yoast SEO plugin v26.9 - https:\/\/yoast.com\/product\/yoast-seo-wordpress\/ -->\n<title>Datenschutzrichtlinie - gbfoods<\/title>\n<meta name=\"robots\" content=\"index, follow, max-snippet:-1, max-image-preview:large, max-video-preview:-1\" \/>\n<link rel=\"canonical\" href=\"https:\/\/thegbfoodseurope.com\/de\/ddatenschutzrichtlinie\/\" \/>\n<meta property=\"og:locale\" content=\"de_DE\" \/>\n<meta property=\"og:type\" content=\"article\" \/>\n<meta property=\"og:title\" content=\"Datenschutzrichtlinie - gbfoods\" \/>\n<meta property=\"og:description\" content=\"Bei The GB Foods Europa, S.L.U. messen wir den geltenden Vorschriften und gesetzlichen Regelungen im Bereich Datenschutz und Privatsph\u00e4re gro\u00dfe Bedeutung bei. Der Schutz der Sicherheit, Integrit\u00e4t und Vertraulichkeit der Informationen unserer Nutzer ist f\u00fcr uns von h\u00f6chster Wichtigkeit. Daher m\u00f6chten wir in dieser Hinsicht verantwortungsbewusst handeln. Diese Richtlinie (nachfolgend \u201cDatenschutzrichtlinie\u201c) beschreibt die Art der &hellip; Continued\" \/>\n<meta property=\"og:url\" content=\"https:\/\/thegbfoodseurope.com\/de\/ddatenschutzrichtlinie\/\" \/>\n<meta property=\"og:site_name\" content=\"gbfoods\" \/>\n<meta property=\"article:modified_time\" content=\"2026-02-13T10:23:30+00:00\" \/>\n<meta name=\"twitter:card\" content=\"summary_large_image\" \/>\n<meta name=\"twitter:label1\" content=\"Est. reading time\" \/>\n\t<meta name=\"twitter:data1\" content=\"8 minutes\" \/>\n<script type=\"application\/ld+json\" class=\"yoast-schema-graph\">{\"@context\":\"https:\/\/schema.org\",\"@graph\":[{\"@type\":\"WebPage\",\"@id\":\"https:\/\/thegbfoodseurope.com\/de\/ddatenschutzrichtlinie\/\",\"url\":\"https:\/\/thegbfoodseurope.com\/de\/ddatenschutzrichtlinie\/\",\"name\":\"Datenschutzrichtlinie - gbfoods\",\"isPartOf\":{\"@id\":\"https:\/\/thegbfoodseurope.com\/#website\"},\"datePublished\":\"2025-11-03T12:03:16+00:00\",\"dateModified\":\"2026-02-13T10:23:30+00:00\",\"breadcrumb\":{\"@id\":\"https:\/\/thegbfoodseurope.com\/de\/ddatenschutzrichtlinie\/#breadcrumb\"},\"inLanguage\":\"de-DE\",\"potentialAction\":[{\"@type\":\"ReadAction\",\"target\":[\"https:\/\/thegbfoodseurope.com\/de\/ddatenschutzrichtlinie\/\"]}]},{\"@type\":\"BreadcrumbList\",\"@id\":\"https:\/\/thegbfoodseurope.com\/de\/ddatenschutzrichtlinie\/#breadcrumb\",\"itemListElement\":[{\"@type\":\"ListItem\",\"position\":1,\"name\":\"Home\",\"item\":\"https:\/\/thegbfoodseurope.com\/de\/\"},{\"@type\":\"ListItem\",\"position\":2,\"name\":\"Datenschutzrichtlinie\"}]},{\"@type\":\"WebSite\",\"@id\":\"https:\/\/thegbfoodseurope.com\/#website\",\"url\":\"https:\/\/thegbfoodseurope.com\/\",\"name\":\"gbfoods\",\"description\":\"\",\"potentialAction\":[{\"@type\":\"SearchAction\",\"target\":{\"@type\":\"EntryPoint\",\"urlTemplate\":\"https:\/\/thegbfoodseurope.com\/?s={search_term_string}\"},\"query-input\":{\"@type\":\"PropertyValueSpecification\",\"valueRequired\":true,\"valueName\":\"search_term_string\"}}],\"inLanguage\":\"de-DE\"}]}<\/script>\n<!-- \/ Yoast SEO plugin. -->","yoast_head_json":{"title":"Datenschutzrichtlinie - gbfoods","robots":{"index":"index","follow":"follow","max-snippet":"max-snippet:-1","max-image-preview":"max-image-preview:large","max-video-preview":"max-video-preview:-1"},"canonical":"https:\/\/thegbfoodseurope.com\/de\/ddatenschutzrichtlinie\/","og_locale":"de_DE","og_type":"article","og_title":"Datenschutzrichtlinie - gbfoods","og_description":"Bei The GB Foods Europa, S.L.U. messen wir den geltenden Vorschriften und gesetzlichen Regelungen im Bereich Datenschutz und Privatsph\u00e4re gro\u00dfe Bedeutung bei. Der Schutz der Sicherheit, Integrit\u00e4t und Vertraulichkeit der Informationen unserer Nutzer ist f\u00fcr uns von h\u00f6chster Wichtigkeit. Daher m\u00f6chten wir in dieser Hinsicht verantwortungsbewusst handeln. Diese Richtlinie (nachfolgend \u201cDatenschutzrichtlinie\u201c) beschreibt die Art der &hellip; Continued","og_url":"https:\/\/thegbfoodseurope.com\/de\/ddatenschutzrichtlinie\/","og_site_name":"gbfoods","article_modified_time":"2026-02-13T10:23:30+00:00","twitter_card":"summary_large_image","twitter_misc":{"Est. reading time":"8 minutes"},"schema":{"@context":"https:\/\/schema.org","@graph":[{"@type":"WebPage","@id":"https:\/\/thegbfoodseurope.com\/de\/ddatenschutzrichtlinie\/","url":"https:\/\/thegbfoodseurope.com\/de\/ddatenschutzrichtlinie\/","name":"Datenschutzrichtlinie - gbfoods","isPartOf":{"@id":"https:\/\/thegbfoodseurope.com\/#website"},"datePublished":"2025-11-03T12:03:16+00:00","dateModified":"2026-02-13T10:23:30+00:00","breadcrumb":{"@id":"https:\/\/thegbfoodseurope.com\/de\/ddatenschutzrichtlinie\/#breadcrumb"},"inLanguage":"de-DE","potentialAction":[{"@type":"ReadAction","target":["https:\/\/thegbfoodseurope.com\/de\/ddatenschutzrichtlinie\/"]}]},{"@type":"BreadcrumbList","@id":"https:\/\/thegbfoodseurope.com\/de\/ddatenschutzrichtlinie\/#breadcrumb","itemListElement":[{"@type":"ListItem","position":1,"name":"Home","item":"https:\/\/thegbfoodseurope.com\/de\/"},{"@type":"ListItem","position":2,"name":"Datenschutzrichtlinie"}]},{"@type":"WebSite","@id":"https:\/\/thegbfoodseurope.com\/#website","url":"https:\/\/thegbfoodseurope.com\/","name":"gbfoods","description":"","potentialAction":[{"@type":"SearchAction","target":{"@type":"EntryPoint","urlTemplate":"https:\/\/thegbfoodseurope.com\/?s={search_term_string}"},"query-input":{"@type":"PropertyValueSpecification","valueRequired":true,"valueName":"search_term_string"}}],"inLanguage":"de-DE"}]}},"_links":{"self":[{"href":"https:\/\/thegbfoodseurope.com\/de\/wp-json\/wp\/v2\/pages\/3651","targetHints":{"allow":["GET"]}}],"collection":[{"href":"https:\/\/thegbfoodseurope.com\/de\/wp-json\/wp\/v2\/pages"}],"about":[{"href":"https:\/\/thegbfoodseurope.com\/de\/wp-json\/wp\/v2\/types\/page"}],"author":[{"embeddable":true,"href":"https:\/\/thegbfoodseurope.com\/de\/wp-json\/wp\/v2\/users\/1"}],"replies":[{"embeddable":true,"href":"https:\/\/thegbfoodseurope.com\/de\/wp-json\/wp\/v2\/comments?post=3651"}],"version-history":[{"count":24,"href":"https:\/\/thegbfoodseurope.com\/de\/wp-json\/wp\/v2\/pages\/3651\/revisions"}],"predecessor-version":[{"id":5659,"href":"https:\/\/thegbfoodseurope.com\/de\/wp-json\/wp\/v2\/pages\/3651\/revisions\/5659"}],"wp:attachment":[{"href":"https:\/\/thegbfoodseurope.com\/de\/wp-json\/wp\/v2\/media?parent=3651"}],"curies":[{"name":"wp","href":"https:\/\/api.w.org\/{rel}","templated":true}]}}